{"id":118,"date":"2016-08-01T11:02:34","date_gmt":"2016-08-01T08:02:34","guid":{"rendered":"http:\/\/www.uytes.com.tr\/wp\/?page_id=118"},"modified":"2026-04-02T13:54:19","modified_gmt":"2026-04-02T10:54:19","slug":"ana-sayfa","status":"publish","type":"page","link":"https:\/\/www.uytes.com.tr\/","title":{"rendered":"ANASAYFA"},"content":{"rendered":"<p style=\"text-align: center; font-size: 24px;\"><img loading=\"lazy\" decoding=\"async\" class=\"aligncenter wp-image-1509\" src=\"https:\/\/www.uytes.com.tr\/wp-content\/uploads\/2016\/08\/size_ozel_cozumler-1.jpg\" alt=\"UYTES\" width=\"855\" height=\"252\" srcset=\"https:\/\/www.uytes.com.tr\/wp-content\/uploads\/2016\/08\/size_ozel_cozumler-1.jpg 1280w, https:\/\/www.uytes.com.tr\/wp-content\/uploads\/2016\/08\/size_ozel_cozumler-1-300x89.jpg 300w, https:\/\/www.uytes.com.tr\/wp-content\/uploads\/2016\/08\/size_ozel_cozumler-1-1024x302.jpg 1024w, https:\/\/www.uytes.com.tr\/wp-content\/uploads\/2016\/08\/size_ozel_cozumler-1-768x227.jpg 768w\" sizes=\"auto, (max-width: 855px) 100vw, 855px\" \/>____________<\/p>\n<p style=\"text-align: center; font-size: 24px;\"><strong>UYTES (Uygulamal\u0131 Y\u00fcksek Teknoloji Sistemleri)<\/strong><\/p>\n<p style=\"font-size: 16px; text-align: left;\"><em><strong>UYTES, 1990 y\u0131l\u0131ndan itibaren akademik \u00f6\u011fretim ve ara\u015ft\u0131rma ile i\u015f d\u00fcnyas\u0131n\u0131n \u00f6nemle ihtiya\u00e7 duydu\u011fu istatistiksel ve g\u00f6rsel veri analizleri, ekonometri, otomatik \u00f6ng\u00f6rme, matematik ile hesaplamal\u0131 kimya alanlar\u0131nda \u00f6nde gelen bir k\u0131s\u0131m uygulama yaz\u0131l\u0131mlar\u0131n\u0131n \u00fclkemizde sat\u0131\u015f, destek, e\u011fitim ve uygulama hizmetlerini y\u00fcr\u00fctmektedir.<\/strong><\/em><\/p>\n<p>&nbsp;<\/p>\n<p style=\"text-align: center;\">____________<\/p>\n<p style=\"text-align: center;\"><strong>UYTES, Ankara Merkez\u00a0 Tel: +90 (312) 446 1866 \u00a0 Mob: +90 (532) 243 4773 \u00a0 Faks: +90 (312) 437 5804\u00a0\u00a0\u00a0 <a href=\"mailto:info@uytes.com.tr\">info@uytes.com.tr<\/a><\/strong><\/p>\n<p>&nbsp;<\/p>\n","protected":false},"excerpt":{"rendered":"<p>____________ UYTES (Uygulamal\u0131 Y\u00fcksek Teknoloji Sistemleri) UYTES, 1990 y\u0131l\u0131ndan itibaren akademik \u00f6\u011fretim ve ara\u015ft\u0131rma ile i\u015f d\u00fcnyas\u0131n\u0131n \u00f6nemle ihtiya\u00e7 duydu\u011fu istatistiksel ve g\u00f6rsel veri analizleri, ekonometri, otomatik \u00f6ng\u00f6rme, matematik ile hesaplamal\u0131 kimya alanlar\u0131nda \u00f6nde gelen bir k\u0131s\u0131m uygulama yaz\u0131l\u0131mlar\u0131n\u0131n \u00fclkemizde sat\u0131\u015f, destek, e\u011fitim ve uygulama hizmetlerini y\u00fcr\u00fctmektedir. &nbsp; ____________ UYTES, Ankara Merkez\u00a0 Tel: +90 (312) [&hellip;]<\/p>\n","protected":false},"author":1,"featured_media":0,"parent":0,"menu_order":0,"comment_status":"closed","ping_status":"closed","template":"","meta":{"footnotes":""},"class_list":["post-118","page","type-page","status-publish","hentry"],"_links":{"self":[{"href":"https:\/\/www.uytes.com.tr\/index.php\/wp-json\/wp\/v2\/pages\/118","targetHints":{"allow":["GET"]}}],"collection":[{"href":"https:\/\/www.uytes.com.tr\/index.php\/wp-json\/wp\/v2\/pages"}],"about":[{"href":"https:\/\/www.uytes.com.tr\/index.php\/wp-json\/wp\/v2\/types\/page"}],"author":[{"embeddable":true,"href":"https:\/\/www.uytes.com.tr\/index.php\/wp-json\/wp\/v2\/users\/1"}],"replies":[{"embeddable":true,"href":"https:\/\/www.uytes.com.tr\/index.php\/wp-json\/wp\/v2\/comments?post=118"}],"version-history":[{"count":12,"href":"https:\/\/www.uytes.com.tr\/index.php\/wp-json\/wp\/v2\/pages\/118\/revisions"}],"predecessor-version":[{"id":4916,"href":"https:\/\/www.uytes.com.tr\/index.php\/wp-json\/wp\/v2\/pages\/118\/revisions\/4916"}],"wp:attachment":[{"href":"https:\/\/www.uytes.com.tr\/index.php\/wp-json\/wp\/v2\/media?parent=118"}],"curies":[{"name":"wp","href":"https:\/\/api.w.org\/{rel}","templated":true}]}}