{"id":2166,"date":"2022-01-17T17:10:12","date_gmt":"2022-01-17T14:10:12","guid":{"rendered":"http:\/\/www.uytes.com.tr\/wp\/?page_id=2166"},"modified":"2026-05-01T03:38:01","modified_gmt":"2026-05-01T00:38:01","slug":"omega-analiz-stata-egitimleri","status":"publish","type":"page","link":"https:\/\/www.uytes.com.tr\/index.php\/omega-analiz-stata-egitimleri\/","title":{"rendered":"Omega Analiz Stata E\u011fitimleri"},"content":{"rendered":"\r\n<p data-hook=\"title\"><strong>E\u011fitimci: Prof. Dr. Ferda Yerdelen Tato\u011flu<\/strong><\/p>\r\n<p><strong>E\u011fitimlerde Stata 19 paket program\u0131 kullan\u0131lacak ve kat\u0131l\u0131mc\u0131lara e\u011fitim lisans\u0131 sa\u011flanacakt\u0131r.<\/strong><\/p>\r\n<p><strong>E\u011fitimler online olarak yap\u0131lacakt\u0131r.<\/strong><\/p>\r\n<h2 class=\"sck_CXL oggAuwZ---typography-11-runningText oggAuwZ---priority-7-primary NSqM_j sKQ3btF wp-block-heading\" tabindex=\"-1\" aria-hidden=\"false\" data-hook=\"event-title\"><a href=\"https:\/\/www.omegaanaliz.com\/event-details\/heterojen-panel-veri-analizi-prof-dr-ferda-yerdelen-tatoglu\"><span style=\"color: #ff0000;\"><strong>Heterojen Panel Veri Analizi<\/strong><\/span><\/a><\/h2>\r\n<p><strong>E\u011fitim Tarihleri: 3 May\u0131s 2026; Saat: 09:30 \u2013\u00a0 15:30<\/strong><\/p>\r\n<p><strong>\u00dccreti: 4.000 TL<\/strong><\/p>\r\n<ul>\r\n<li id=\"viewer-abo4z12827\" class=\"DcCML UdrVX XYsC6 _3a5ib\" dir=\"auto\"><strong><span class=\"rbjK7\">Heterojen Panel Veri Modellerinin Tahmin Y\u00f6ntemleri <\/span><\/strong><\/li>\r\n<li id=\"viewer-fq7th54302\" class=\"DcCML UdrVX XYsC6 _3a5ib\" dir=\"auto\"><strong><span class=\"rbjK7\">Pesaran ve Smith MG<\/span><\/strong><\/li>\r\n<li id=\"viewer-h552354354\" class=\"DcCML UdrVX XYsC6 _3a5ib\" dir=\"auto\"><strong><span class=\"rbjK7\">Swamy RC<\/span><\/strong><\/li>\r\n<li id=\"viewer-zx4l454460\" class=\"DcCML UdrVX XYsC6 _3a5ib\" dir=\"auto\"><strong><span class=\"rbjK7\">Zellner SUR<\/span><\/strong><\/li>\r\n<li id=\"viewer-utic854543\" class=\"DcCML UdrVX XYsC6 _3a5ib\" dir=\"auto\"><strong><span class=\"rbjK7\">Pesaran CCE<\/span><\/strong><\/li>\r\n<li id=\"viewer-sdwvp54629\" class=\"DcCML UdrVX XYsC6 _3a5ib\" dir=\"auto\"><strong><span class=\"rbjK7\">Eberhardt ve Teal AMG<\/span><\/strong><\/li>\r\n<li id=\"viewer-7hf0j54747\" class=\"DcCML UdrVX XYsC6 _3a5ib\" dir=\"auto\"><strong><span class=\"rbjK7\">Homojenlik Testleri <\/span><\/strong><\/li>\r\n<li id=\"viewer-cddp054839\" class=\"DcCML UdrVX XYsC6 _3a5ib\" dir=\"auto\"><strong><span class=\"rbjK7\">Swamy S, <\/span><\/strong><\/li>\r\n<li id=\"viewer-ctqj354872\" class=\"DcCML UdrVX XYsC6 _3a5ib\" dir=\"auto\"><strong><span class=\"rbjK7\">Pesaran ve Yamagata \u0394 <\/span><\/strong><\/li>\r\n<li id=\"viewer-jccpi55258\" class=\"DcCML UdrVX XYsC6 _3a5ib\" dir=\"auto\"><strong><span class=\"rbjK7\">Birimler Aras\u0131 Korelasyon Testleri <\/span><\/strong><\/li>\r\n<li id=\"viewer-teq4355359\" class=\"DcCML UdrVX XYsC6 _3a5ib\" dir=\"auto\"><strong><span class=\"rbjK7\">Breusch Pagan LM<\/span><\/strong><\/li>\r\n<li id=\"viewer-fadq555769\" class=\"DcCML UdrVX XYsC6 _3a5ib\" dir=\"auto\"><strong><span class=\"rbjK7\">Pesaran CD<\/span><\/strong><\/li>\r\n<\/ul>\r\n<h2 class=\"sck_CXL oggAuwZ---typography-11-runningText oggAuwZ---priority-7-primary NSqM_j sKQ3btF\" tabindex=\"-1\" aria-hidden=\"false\" data-hook=\"event-title\"><a href=\"https:\/\/www.omegaanaliz.com\/event-details\/panel-zaman-serileri-analizi-prof-dr-ferda-yerdelen-tatoglu-3\"><span style=\"color: #ff0000;\"><strong>Panel Zaman Serileri Analizi<\/strong><\/span><\/a><\/h2>\r\n<p><strong>E\u011fitim Tarihleri: 17, 23, 24 May\u0131s 2026; Saat: 09:00 \u2013\u00a0 16:00<\/strong><\/p>\r\n<p><strong>\u00dccreti: 8.000 TL<\/strong><\/p>\r\n<ul>\r\n<li id=\"viewer-pqvca14477\" class=\"DcCML UdrVX XYsC6 _3a5ib\" dir=\"auto\"><strong><span class=\"rbjK7\">I. Ku\u015fak Panel Birim K\u00f6k Testleri <\/span><\/strong><\/li>\r\n<li id=\"viewer-80b2a6219\" class=\"DcCML UdrVX XYsC6 _3a5ib\" dir=\"auto\"><strong><span class=\"rbjK7\">(Levin, Lin ve Chu, Harris ve Tzavalis, Breitung, Hadri, Im, Pesaran ve Shin, Fisher ADF ve Fisher PP), <\/span><\/strong><\/li>\r\n<li id=\"viewer-d5k8t376\" class=\"DcCML UdrVX XYsC6 _3a5ib\" dir=\"auto\"><strong><span class=\"rbjK7\">II. Ku\u015fak Panel Birim K\u00f6k Testleri <\/span><\/strong><\/li>\r\n<li id=\"viewer-tpux76251\" class=\"DcCML UdrVX XYsC6 _3a5ib\" dir=\"auto\"><strong><span class=\"rbjK7\">(Taylor ve Sarno MADF, Pesaran CIPS ve CADF, Bai ve Ng PANIC ve Reese ve Westerlund PANICCA), <\/span><\/strong><\/li>\r\n<li id=\"viewer-5gp7w6283\" class=\"DcCML UdrVX XYsC6 _3a5ib\" dir=\"auto\"><strong><span class=\"rbjK7\">Heterojenlik ve Birimler Aras\u0131 Korelasyon Testleri <\/span><\/strong><\/li>\r\n<li id=\"viewer-lorzh6316\" class=\"DcCML UdrVX XYsC6 _3a5ib\" dir=\"auto\"><strong><span class=\"rbjK7\">(Swamy S, Pesaran ve Yamagata \u0394, Pesaran CD, Breusch Pagan LM, Pesaran, Ullah ve Yamagata NLM, Pesaran CDNT) <\/span><\/strong><\/li>\r\n<li id=\"viewer-rzbw3400\" class=\"DcCML UdrVX XYsC6 _3a5ib\" dir=\"auto\"><strong><span class=\"rbjK7\">I. ve II. Ku\u015fak Panel E\u015fb\u00fct\u00fcnle\u015fme Testleri <\/span><\/strong><\/li>\r\n<li id=\"viewer-90azd6351\" class=\"DcCML UdrVX XYsC6 _3a5ib\" dir=\"auto\"><strong><span class=\"rbjK7\">(Pedroni, Westerlund, Westerlund Boostsrap, Gengenbach, Urbain ve Westerlund) <\/span><\/strong><\/li>\r\n<li id=\"viewer-k1s91425\" class=\"DcCML UdrVX XYsC6 _3a5ib\" dir=\"auto\"><strong><span class=\"rbjK7\">Uzun d\u00f6nem katsay\u0131s\u0131n\u0131n tahmini <\/span><\/strong><\/li>\r\n<li id=\"viewer-gfs8p6387\" class=\"DcCML UdrVX XYsC6 _3a5ib\" dir=\"auto\"><strong><span class=\"rbjK7\">(Kao ve Chiang DOLS, Pesaran ve Smith MG) <\/span><\/strong><\/li>\r\n<li id=\"viewer-6zwwj451\" class=\"DcCML UdrVX XYsC6 _3a5ib\" dir=\"auto\"><strong><span class=\"rbjK7\">Panel Hata D\u00fczeltme Modeli ve Panel ARDL Modelin Tahmini <\/span><\/strong><\/li>\r\n<li id=\"viewer-y0bqq6424\" class=\"DcCML UdrVX XYsC6 _3a5ib\" dir=\"auto\"><strong><span class=\"rbjK7\">(DFE, Pesaran, Shin ve Smith PMG, Pesaran ve Smith MG, Westerlund MG, Pesaran CCE, Eberhardt ve Teal AMG, Chudik ve Pesaran DCCE) <\/span><\/strong><\/li>\r\n<li id=\"viewer-0wsmb478\" class=\"DcCML UdrVX XYsC6 _3a5ib\" dir=\"auto\"><strong><span class=\"rbjK7\">Panel VAR Analizi ve Nedensellik Testleri <\/span><\/strong><\/li>\r\n<li id=\"viewer-vxjzm6462\" class=\"DcCML UdrVX XYsC6 _3a5ib\" dir=\"auto\"><strong><span class=\"rbjK7\">(Granger (1969), Dumitrescu ve Hurlin (2012)) \u00a0<\/span><\/strong><\/li>\r\n<\/ul>\r\n<p>&nbsp;<\/p>\r\n<div class=\"KyqB9\">\r\n<div class=\"sgfFw Be6ZF\" data-hook=\"short-date-location\">\r\n<div class=\"KyqB9 o8orZ\">\r\n<div class=\"kEVsY sgfFw\" data-hook=\"details\">\r\n<div class=\"ioFkI\">\r\n<div data-hook=\"location\">\r\n<div class=\"KyqB9 o8orZ\">\r\n<div class=\"kEVsY sgfFw\" data-hook=\"details\">\r\n<div class=\"s-hnx\" data-hook=\"description\">\r\n<p>&nbsp;<\/p>\r\n<\/div>\r\n<\/div>\r\n<\/div>\r\n<\/div>\r\n<\/div>\r\n<\/div>\r\n<\/div>\r\n<\/div>\r\n<\/div>\r\n","protected":false},"excerpt":{"rendered":"<p>E\u011fitimci: Prof. Dr. Ferda Yerdelen Tato\u011flu E\u011fitimlerde Stata 19 paket program\u0131 kullan\u0131lacak ve kat\u0131l\u0131mc\u0131lara e\u011fitim lisans\u0131 sa\u011flanacakt\u0131r. E\u011fitimler online olarak yap\u0131lacakt\u0131r. Heterojen Panel Veri Analizi E\u011fitim Tarihleri: 3 May\u0131s 2026; Saat: 09:30 \u2013\u00a0 15:30 \u00dccreti: 4.000 TL Heterojen Panel Veri Modellerinin Tahmin Y\u00f6ntemleri Pesaran ve Smith MG Swamy RC Zellner SUR Pesaran CCE Eberhardt ve [&hellip;]<\/p>\n","protected":false},"author":1,"featured_media":0,"parent":0,"menu_order":0,"comment_status":"closed","ping_status":"closed","template":"","meta":{"footnotes":""},"class_list":["post-2166","page","type-page","status-publish","hentry"],"_links":{"self":[{"href":"https:\/\/www.uytes.com.tr\/index.php\/wp-json\/wp\/v2\/pages\/2166","targetHints":{"allow":["GET"]}}],"collection":[{"href":"https:\/\/www.uytes.com.tr\/index.php\/wp-json\/wp\/v2\/pages"}],"about":[{"href":"https:\/\/www.uytes.com.tr\/index.php\/wp-json\/wp\/v2\/types\/page"}],"author":[{"embeddable":true,"href":"https:\/\/www.uytes.com.tr\/index.php\/wp-json\/wp\/v2\/users\/1"}],"replies":[{"embeddable":true,"href":"https:\/\/www.uytes.com.tr\/index.php\/wp-json\/wp\/v2\/comments?post=2166"}],"version-history":[{"count":264,"href":"https:\/\/www.uytes.com.tr\/index.php\/wp-json\/wp\/v2\/pages\/2166\/revisions"}],"predecessor-version":[{"id":4946,"href":"https:\/\/www.uytes.com.tr\/index.php\/wp-json\/wp\/v2\/pages\/2166\/revisions\/4946"}],"wp:attachment":[{"href":"https:\/\/www.uytes.com.tr\/index.php\/wp-json\/wp\/v2\/media?parent=2166"}],"curies":[{"name":"wp","href":"https:\/\/api.w.org\/{rel}","templated":true}]}}