{"id":2636,"date":"2023-02-16T19:01:46","date_gmt":"2023-02-16T16:01:46","guid":{"rendered":"https:\/\/www.uytes.com.tr\/?page_id=2636"},"modified":"2024-04-29T16:58:57","modified_gmt":"2024-04-29T13:58:57","slug":"forecast-pro","status":"publish","type":"page","link":"https:\/\/www.uytes.com.tr\/index.php\/forecast-pro\/","title":{"rendered":"Forecast Pro"},"content":{"rendered":"\n<h2 class=\"wp-block-heading has-text-align-center has-x-large-font-size\">Daha \u0130yi Kararlar \u00d6ng\u00f6r\u00fc Do\u011frulu\u011fu <strong>Gerektirir<\/strong><br><\/h2>\n\n\n\n<p><\/p>\n\n\n\n<h2 class=\"wp-block-heading has-text-align-center\" style=\"font-size:25px\">Yapay Zekan\u0131n G\u00fcc\u00fc, Makine \u00d6\u011frenimi ve \u0130statistiksel \u00d6ng\u00f6rme &#8211; hepsi parmaklar\u0131n\u0131z\u0131n ucunda<\/h2>\n\n\n\n<div style=\"height:100px\" aria-hidden=\"true\" class=\"wp-block-spacer\"><\/div>\n\n\n\n<h1 class=\"wp-block-heading\"><\/h1>\n\n\n\n<div class=\"wp-block-columns is-layout-flex wp-container-core-columns-is-layout-9d6595d7 wp-block-columns-is-layout-flex\">\n<div class=\"wp-block-column is-layout-flow wp-block-column-is-layout-flow\">\n<h1 class=\"wp-block-heading\"><strong>Forecast Pro Nedir?<\/strong><\/h1>\n\n\n\n<p><strong><br>Forecast Pro, i\u015f \u00f6ng\u00f6rmecileri i\u00e7in tasarlanm\u0131\u015f haz\u0131r bir \u00f6ng\u00f6rme paketidir. Forecast Pro, neredeyse t\u00fcm end\u00fcstrilerde kullan\u0131l\u0131r ve sofistike \u00f6ng\u00f6rme tekniklerini herkesin eline verir. G\u00fc\u00e7l\u00fc ve hassast\u0131r, ancak kullan\u0131m\u0131 kolayd\u0131r ve uygulamas\u0131 h\u0131zl\u0131d\u0131r \u2014 sadece g\u00fcnler, hatta saatler i\u00e7inde \u00e7al\u0131\u015fmaya ba\u015flayabilirsiniz.<\/strong><\/p>\n\n\n\n<div class=\"wp-block-buttons is-horizontal is-nowrap is-layout-flex wp-container-core-buttons-is-layout-41b81202 wp-block-buttons-is-layout-flex\">\n<div class=\"wp-block-button has-custom-width wp-block-button__width-50 has-custom-font-size is-style-fill\" style=\"font-size:15px;font-style:normal;font-weight:500\"><a class=\"wp-block-button__link has-white-color has-vivid-cyan-blue-background-color has-text-color has-background wp-element-button\" href=\"https:\/\/www.uytes.com.tr\/index.php\/forecast-pro-2\/\" style=\"border-radius:91px\">Daha Fazlas\u0131n\u0131n \u00f6\u011frenin<\/a><\/div>\n<\/div>\n<\/div>\n\n\n\n<div class=\"wp-block-column is-layout-flow wp-block-column-is-layout-flow\">\n<figure class=\"wp-block-image size-large\"><img loading=\"lazy\" decoding=\"async\" width=\"1024\" height=\"663\" src=\"http:\/\/www.uytes.com.tr\/wp-content\/uploads\/2023\/07\/GettyImages-Three-People-and-Computer-2018-v6-final-1200x777-1-1024x663.webp\" alt=\"\" class=\"wp-image-3436\" srcset=\"https:\/\/www.uytes.com.tr\/wp-content\/uploads\/2023\/07\/GettyImages-Three-People-and-Computer-2018-v6-final-1200x777-1-1024x663.webp 1024w, https:\/\/www.uytes.com.tr\/wp-content\/uploads\/2023\/07\/GettyImages-Three-People-and-Computer-2018-v6-final-1200x777-1-300x194.webp 300w, https:\/\/www.uytes.com.tr\/wp-content\/uploads\/2023\/07\/GettyImages-Three-People-and-Computer-2018-v6-final-1200x777-1-768x497.webp 768w, https:\/\/www.uytes.com.tr\/wp-content\/uploads\/2023\/07\/GettyImages-Three-People-and-Computer-2018-v6-final-1200x777-1.webp 1200w\" sizes=\"auto, (max-width: 1024px) 100vw, 1024px\" \/><\/figure>\n<\/div>\n<\/div>\n\n\n\n<div style=\"height:15px\" aria-hidden=\"true\" class=\"wp-block-spacer\"><\/div>\n\n\n\n<p><strong>Forecast Pro&#8217;nun g\u00fcc\u00fcn\u00fc ve esnekli\u011fini i\u015f ba\u015f\u0131nda g\u00f6rmek i\u00e7in H\u0131zl\u0131 Tur videosunu izleyin.<\/strong><\/p>\n\n\n\n<p><\/p>\n\n\n\n<div class=\"wp-block-columns is-layout-flex wp-container-core-columns-is-layout-9d6595d7 wp-block-columns-is-layout-flex\">\n<div class=\"wp-block-column is-layout-flow wp-block-column-is-layout-flow\" style=\"flex-basis:66.66%\">\n<div class=\"wp-block-columns is-layout-flex wp-container-core-columns-is-layout-9d6595d7 wp-block-columns-is-layout-flex\">\n<div class=\"wp-block-column is-layout-flow wp-block-column-is-layout-flow\" style=\"flex-basis:66.66%\">\n<figure class=\"wp-block-embed is-type-video is-provider-youtube wp-block-embed-youtube wp-embed-aspect-16-9 wp-has-aspect-ratio\"><div class=\"wp-block-embed__wrapper\">\n<iframe loading=\"lazy\" title=\"Forecast Pro Quick Tour\" width=\"1170\" height=\"658\" src=\"https:\/\/www.youtube.com\/embed\/DmZo7sBS1sA?feature=oembed\" frameborder=\"0\" allow=\"accelerometer; autoplay; clipboard-write; encrypted-media; gyroscope; picture-in-picture; web-share\" referrerpolicy=\"strict-origin-when-cross-origin\" allowfullscreen><\/iframe>\n<\/div><\/figure>\n<\/div>\n<\/div>\n<\/div>\n<\/div>\n\n\n\n<div style=\"height:10px\" aria-hidden=\"true\" class=\"wp-block-spacer\"><\/div>\n\n\n\n<p><a href=\"https:\/\/www.forecastpro.com\/download-free-trial\/\"><strong>\u00dccretsiz Denemeyi indirin<\/strong><\/a><\/p>\n\n\n\n<div style=\"height:15px\" aria-hidden=\"true\" class=\"wp-block-spacer\"><\/div>\n\n\n\n<p><a href=\"https:\/\/www.forecastpro.com\/get-live-web-demo\/\"><strong>Web Sunumu veya g\u00f6r\u00fc\u015fmek i\u00e7in i\u00e7in aray\u0131n<\/strong><\/a><\/p>\n\n\n\n<p><a href=\"https:\/\/www.forecastpro.com\/solutions\/forecast-pro\/quick-tour\/\"><\/a><\/p>\n\n\n\n<h2 class=\"wp-block-heading\"><\/h2>\n\n\n\n<div style=\"height:100px\" aria-hidden=\"true\" class=\"wp-block-spacer\"><\/div>\n\n\n\n<div class=\"wp-block-media-text is-stacked-on-mobile has-medium-font-size\" style=\"grid-template-columns:22% auto\"><figure class=\"wp-block-media-text__media\"><img loading=\"lazy\" decoding=\"async\" width=\"300\" height=\"270\" src=\"https:\/\/www.uytes.com.tr\/wp-content\/uploads\/2023\/07\/Machine-Learning-Brain-feathered-1-e1689155333284-300x270.webp\" alt=\"\" class=\"wp-image-3440 size-medium\" srcset=\"https:\/\/www.uytes.com.tr\/wp-content\/uploads\/2023\/07\/Machine-Learning-Brain-feathered-1-e1689155333284-300x270.webp 300w, https:\/\/www.uytes.com.tr\/wp-content\/uploads\/2023\/07\/Machine-Learning-Brain-feathered-1-e1689155333284.webp 700w\" sizes=\"auto, (max-width: 300px) 100vw, 300px\" \/><\/figure><div class=\"wp-block-media-text__content\">\n<h1 class=\"wp-block-heading has-text-align-right\"><strong>Son teknoloji<\/strong><\/h1>\n\n\n\n<div style=\"height:10px\" aria-hidden=\"true\" class=\"wp-block-spacer\"><\/div>\n\n\n\n<p class=\"has-text-align-left\" style=\"font-size:18px\"><strong>Forecast Pro, kullan\u0131m\u0131 kolay tek bir pakette AI, makine \u00f6\u011frenimi ve istatistiksel \u00f6ng\u00f6rmenin birle\u015fik g\u00fcc\u00fcn\u00fc sunar. Bu son teknoloji \u00f6ng\u00f6rme teknolojilerinin t\u00fcm\u00fc, Forecast Pro&#8217;nun &#8220;en iyi se\u00e7im&#8221; algoritmas\u0131na dahil edilmi\u015ftir ve do\u011fru ve g\u00fcvenilir \u00f6ng\u00f6r\u00fcler \u00fcretmeyi her zamankinden daha kolay hale getirir.<\/strong><\/p>\n\n\n\n<p><\/p>\n\n\n\n<div class=\"wp-block-buttons is-content-justification-right is-layout-flex wp-container-core-buttons-is-layout-765c4724 wp-block-buttons-is-layout-flex\">\n<div class=\"wp-block-button has-custom-font-size is-style-outline has-small-font-size is-style-outline--1\"><a class=\"wp-block-button__link has-white-color has-text-color has-background has-text-align-center wp-element-button\" href=\"https:\/\/www.uytes.com.tr\/index.php\/ongorme-metotlari\/\" style=\"background-color:#0792e3\">Daha fazlas\u0131n\u0131 \u00f6\u011frenin<\/a><\/div>\n<\/div>\n\n\n\n<p><\/p>\n\n\n\n<p><\/p>\n<\/div><\/div>\n\n\n\n<div style=\"height:100px\" aria-hidden=\"true\" class=\"wp-block-spacer\"><\/div>\n\n\n\n<h1 class=\"wp-block-heading has-text-align-center\"><strong>\u00c7\u00f6z\u00fcmlerimiz<\/strong><\/h1>\n\n\n\n<p><\/p>\n\n\n\n<div class=\"wp-block-columns is-layout-flex wp-container-core-columns-is-layout-9d6595d7 wp-block-columns-is-layout-flex\">\n<div class=\"wp-block-column is-layout-flow wp-block-column-is-layout-flow\" style=\"flex-basis:100%\">\n<div class=\"wp-block-columns is-layout-flex wp-container-core-columns-is-layout-9d6595d7 wp-block-columns-is-layout-flex\">\n<div class=\"wp-block-column is-layout-flow wp-block-column-is-layout-flow\">\n<h2 class=\"wp-block-heading\"><a href=\"https:\/\/www.forecastpro.com\/solutions\/forecast-pro\/\">Forecast Pro<\/a><\/h2>\n\n\n\n<p style=\"font-size:15px;font-style:normal;font-weight:500\"><strong>Neredeyse t\u00fcm sekt\u00f6rlerde kullan\u0131labilecek i\u015f \u00f6ng\u00f6rmecileri i\u00e7in tasarlanm\u0131\u015f kullan\u0131ma haz\u0131r bir \u00f6ng\u00f6rme paketi.<\/strong><\/p>\n\n\n\n<div class=\"wp-block-buttons is-layout-flex wp-block-buttons-is-layout-flex\">\n<div class=\"wp-block-button has-custom-width wp-block-button__width-100 has-custom-font-size is-style-outline is-style-outline--2\" style=\"font-size:15px;font-style:normal;font-weight:500\"><a class=\"wp-block-button__link has-white-color has-text-color has-background wp-element-button\" href=\"https:\/\/www.uytes.com.tr\/index.php\/forecast-pro-2\/\" style=\"background-color:#0792e3\">Daha fazlas\u0131n\u0131 \u00f6\u011frenin<\/a><\/div>\n<\/div>\n<\/div>\n\n\n\n<div class=\"wp-block-column is-layout-flow wp-block-column-is-layout-flow\">\n<h2 class=\"wp-block-heading\"><a href=\"https:\/\/www.forecastpro.com\/solutions\/software-development-kit\/\">Yaz\u0131l\u0131m Geli\u015ftirme Kiti<\/a> (SDK)<\/h2>\n\n\n\n<p style=\"font-size:15px;font-style:normal;font-weight:500\"><strong>Forecast Pro SDK, do\u011fru istatistiksel tabanl\u0131 \u00f6ng\u00f6r\u00fcler \u00fcreten tamamen sorunsuz bir \u00f6ng\u00f6rme \u00e7\u00f6z\u00fcm\u00fcd\u00fcr.<\/strong><\/p>\n\n\n\n<div class=\"wp-block-buttons is-layout-flex wp-block-buttons-is-layout-flex\">\n<div class=\"wp-block-button has-custom-width wp-block-button__width-100 has-custom-font-size is-style-outline is-style-outline--3\" style=\"font-size:15px;font-style:normal;font-weight:500\"><a class=\"wp-block-button__link has-white-color has-text-color has-background wp-element-button\" style=\"background-color:#0792e3\">Daha fazlas\u0131n\u0131 \u00f6\u011frenin<\/a><\/div>\n<\/div>\n<\/div>\n<\/div>\n\n\n\n<p><\/p>\n<\/div>\n<\/div>\n\n\n\n<div class=\"wp-block-group is-nowrap is-layout-flex wp-container-core-group-is-layout-ad2f72ca wp-block-group-is-layout-flex\">\n<p><a href=\"https:\/\/www.forecastpro.com\/solutions\/forecast-pro\/\"><\/a><\/p>\n\n\n\n<p><a href=\"https:\/\/www.forecastpro.com\/solutions\/forecast-pro\/\"><\/a><\/p>\n<\/div>\n\n\n\n<p><a href=\"https:\/\/www.forecastpro.com\/solutions\/forecast-pro\/capabilities\/\"><\/a><\/p>\n\n\n\n<h2 class=\"wp-block-heading\">Yetenekler<\/h2>\n\n\n\n<p><strong>Do\u011fru ve g\u00fcvenilir \u00f6ng\u00f6r\u00fcler olu\u015fturun ve \u00f6ng\u00f6rme s\u00fcrecinizi verimli bir \u015fekilde y\u00f6netin.<\/strong><\/p>\n\n\n\n<p><a href=\"https:\/\/www.forecastpro.com\/solutions\/forecast-pro\/product-comparison\/\"><\/a><\/p>\n\n\n\n<h2 class=\"wp-block-heading\">\u00dcr\u00fcn Kar\u015f\u0131la\u015ft\u0131rmas\u0131<\/h2>\n\n\n\n<p><br><strong>Bir dizi i\u015f \u00f6ng\u00f6rme ihtiyac\u0131n\u0131 kar\u015f\u0131lamak i\u00e7in Forecast Pro&#8217;nun \u00fc\u00e7 s\u00fcr\u00fcm\u00fc mevcuttur.<\/strong><\/p>\n\n\n\n<p><a href=\"https:\/\/www.forecastpro.com\/solutions\/forecast-pro\/implementation\/\"><\/a><\/p>\n\n\n\n<h2 class=\"wp-block-heading\">\u00d6ng\u00f6rme Y\u00f6ntemleri<br><\/h2>\n\n\n\n<p><strong>Kan\u0131tlanm\u0131\u015f istatistiksel \u00f6ng\u00f6rme y\u00f6ntemlerini kullanarak h\u0131zl\u0131 ve kolay bir \u015fekilde do\u011fru \u00f6ng\u00f6r\u00fcler olu\u015fturun.<\/strong><\/p>\n\n\n\n<h2 class=\"wp-block-heading\">Uygulama<br><\/h2>\n\n\n\n<p><strong>Haz\u0131r yaz\u0131l\u0131m paketimizi uygulamak i\u00e7in bu h\u0131zl\u0131 ve kolay ad\u0131mlar\u0131 izleyin.<\/strong><\/p>\n\n\n\n<div class=\"wp-block-group is-nowrap is-layout-flex wp-container-core-group-is-layout-ad2f72ca wp-block-group-is-layout-flex\"><\/div>\n","protected":false},"excerpt":{"rendered":"<p>Daha \u0130yi Kararlar \u00d6ng\u00f6r\u00fc Do\u011frulu\u011fu Gerektirir Yapay Zekan\u0131n G\u00fcc\u00fc, Makine \u00d6\u011frenimi ve \u0130statistiksel \u00d6ng\u00f6rme &#8211; hepsi parmaklar\u0131n\u0131z\u0131n ucunda Forecast Pro Nedir? Forecast Pro, i\u015f \u00f6ng\u00f6rmecileri i\u00e7in tasarlanm\u0131\u015f haz\u0131r bir \u00f6ng\u00f6rme paketidir. Forecast Pro, neredeyse t\u00fcm end\u00fcstrilerde kullan\u0131l\u0131r ve sofistike \u00f6ng\u00f6rme tekniklerini herkesin eline verir. G\u00fc\u00e7l\u00fc ve hassast\u0131r, ancak kullan\u0131m\u0131 kolayd\u0131r ve uygulamas\u0131 h\u0131zl\u0131d\u0131r \u2014 sadece [&hellip;]<\/p>\n","protected":false},"author":1,"featured_media":0,"parent":0,"menu_order":0,"comment_status":"closed","ping_status":"closed","template":"","meta":{"footnotes":""},"class_list":["post-2636","page","type-page","status-publish","hentry"],"_links":{"self":[{"href":"https:\/\/www.uytes.com.tr\/index.php\/wp-json\/wp\/v2\/pages\/2636","targetHints":{"allow":["GET"]}}],"collection":[{"href":"https:\/\/www.uytes.com.tr\/index.php\/wp-json\/wp\/v2\/pages"}],"about":[{"href":"https:\/\/www.uytes.com.tr\/index.php\/wp-json\/wp\/v2\/types\/page"}],"author":[{"embeddable":true,"href":"https:\/\/www.uytes.com.tr\/index.php\/wp-json\/wp\/v2\/users\/1"}],"replies":[{"embeddable":true,"href":"https:\/\/www.uytes.com.tr\/index.php\/wp-json\/wp\/v2\/comments?post=2636"}],"version-history":[{"count":45,"href":"https:\/\/www.uytes.com.tr\/index.php\/wp-json\/wp\/v2\/pages\/2636\/revisions"}],"predecessor-version":[{"id":3818,"href":"https:\/\/www.uytes.com.tr\/index.php\/wp-json\/wp\/v2\/pages\/2636\/revisions\/3818"}],"wp:attachment":[{"href":"https:\/\/www.uytes.com.tr\/index.php\/wp-json\/wp\/v2\/media?parent=2636"}],"curies":[{"name":"wp","href":"https:\/\/api.w.org\/{rel}","templated":true}]}}