{"id":3220,"date":"2023-05-26T16:57:52","date_gmt":"2023-05-26T13:57:52","guid":{"rendered":"https:\/\/www.uytes.com.tr\/?page_id=3220"},"modified":"2023-07-18T12:59:00","modified_gmt":"2023-07-18T09:59:00","slug":"forecast-pro-2","status":"publish","type":"page","link":"https:\/\/www.uytes.com.tr\/index.php\/forecast-pro-2\/","title":{"rendered":"Forecast Pro Nedir"},"content":{"rendered":"\n<div style=\"height:26px\" aria-hidden=\"true\" class=\"wp-block-spacer\"><\/div>\n\n\n\n<div class=\"wp-block-columns is-layout-flex wp-container-core-columns-is-layout-9d6595d7 wp-block-columns-is-layout-flex\">\n<div class=\"wp-block-column is-layout-flow wp-block-column-is-layout-flow\">\n<figure class=\"wp-block-image size-large\"><a href=\"https:\/\/www.forecastpro.com\/wp-content\/uploads\/2020\/01\/solutions_fpro.png\"><img decoding=\"async\" src=\"https:\/\/www.forecastpro.com\/wp-content\/uploads\/2020\/01\/solutions_fpro.png\" alt=\"\"\/><\/a><\/figure>\n<\/div>\n\n\n\n<div class=\"wp-block-column is-layout-flow wp-block-column-is-layout-flow\">\n<h2 class=\"wp-block-heading has-large-font-size\">Forecast Pro Nedir?<\/h2>\n\n\n\n<div style=\"height:15px\" aria-hidden=\"true\" class=\"wp-block-spacer\"><\/div>\n\n\n\n<p style=\"font-size:15px;font-style:normal;font-weight:500\"><strong>Forecast Pro, d\u00fcnya genelindeki kurulu\u015flar taraf\u0131ndan daha geni\u015f planlama sistemlerine kolayca entegre edilebilecek istatistiksel tabanl\u0131 do\u011fru <\/strong>\u00f6ng\u00f6r\u00fcler<strong> olu\u015fturmak i\u00e7in kullan\u0131lan, kan\u0131tlanm\u0131\u015f haz\u0131r bir yaz\u0131l\u0131md\u0131r. \u0130\u015fletme \u00f6ng\u00f6rmecileri i\u00e7in \u00f6zel olarak tasarlanan Forecast Pro&#8217;nun kullan\u0131m\u0131 kolayd\u0131r, ancak son teknoloji y\u00f6ntemler ve kapsaml\u0131 ara\u00e7lar sunarak saniyeler i\u00e7inde otomatik olarak g\u00fcvenilir \u00f6ng\u00f6r\u00fcler olu\u015fturman\u0131z\u0131 kolayla\u015ft\u0131r\u0131r.<\/strong><\/p>\n\n\n\n<div style=\"height:27px\" aria-hidden=\"true\" class=\"wp-block-spacer\"><\/div>\n<\/div>\n<\/div>\n\n\n\n<div style=\"height:15px\" aria-hidden=\"true\" class=\"wp-block-spacer\"><\/div>\n\n\n\n<div class=\"wp-block-columns is-layout-flex wp-container-core-columns-is-layout-9d6595d7 wp-block-columns-is-layout-flex\">\n<div class=\"wp-block-column is-layout-flow wp-block-column-is-layout-flow\">\n<h2 class=\"wp-block-heading has-large-font-size\">Kolay, Do\u011fru, Uygun Fiyatl\u0131<\/h2>\n\n\n\n<div style=\"height:15px\" aria-hidden=\"true\" class=\"wp-block-spacer\"><\/div>\n\n\n\n<p style=\"font-size:15px;font-style:normal;font-weight:500\"><strong>Sadece 1.495 ABD dolar\u0131ndan ba\u015flayan fiyatlarla Forecast Pro uygun fiyatl\u0131, kullan\u0131m\u0131 kolay ve uygulamas\u0131 h\u0131zl\u0131d\u0131r; bu nedenle, \u00e7ok \u00e7e\u015fitli sekt\u00f6rlerden binlerce \u015firketin do\u011fru talep tahminleri olu\u015fturmak i\u00e7in yaz\u0131l\u0131ma g\u00fcvenmesi \u015fa\u015f\u0131rt\u0131c\u0131 de\u011fildir.<\/strong><\/p>\n\n\n\n<p style=\"font-size:15px;font-style:normal;font-weight:500\"><strong>Ancak her \u015fey burada bitmiyor \u2012 Forecast Pro, ba\u015far\u0131l\u0131 bir \u00f6ng\u00f6rme s\u00fcreci olu\u015fturmak i\u00e7in a\u015fa\u011f\u0131dakiler dahil olmak \u00fczere kapsaml\u0131 \u00f6zellikler sa\u011flayarak ekibinize g\u00fc\u00e7 katar:<\/strong><\/p>\n\n\n\n<ul class=\"wp-block-list\" style=\"font-size:17px\">\n<li style=\"font-size:15px\"><strong>\u00d6ng\u00f6rme s\u00fcre\u00e7lerini verimli bir \u015fekilde y\u00f6netmek, izlemek ve iyile\u015ftirmek i\u00e7in ara\u00e7lar<\/strong><\/li>\n\n\n\n<li style=\"font-size:15px\"><strong>Daha b\u00fcy\u00fck planlama sistemlerine kolay entegrasyon<\/strong><\/li>\n\n\n\n<li style=\"font-size:15px\"><strong>S&amp;OP s\u00fcre\u00e7lerini desteklemek i\u00e7in yerle\u015fik yetenek<\/strong><\/li>\n\n\n\n<li style=\"font-size:15px\"><strong>D\u00fc\u015f\u00fck BT y\u00fck\u00fc<\/strong><\/li>\n\n\n\n<li style=\"font-size:15px\"><strong>Tahmini katma de\u011fer raporlamas\u0131<\/strong><\/li>\n<\/ul>\n<\/div>\n\n\n\n<div class=\"wp-block-column is-layout-flow wp-block-column-is-layout-flow\">\n<figure class=\"wp-block-image size-full\"><img loading=\"lazy\" decoding=\"async\" width=\"800\" height=\"533\" src=\"http:\/\/www.uytes.com.tr\/wp-content\/uploads\/2023\/05\/forecastpro_2-800x533-1.webp\" alt=\"\" class=\"wp-image-3228\" srcset=\"https:\/\/www.uytes.com.tr\/wp-content\/uploads\/2023\/05\/forecastpro_2-800x533-1.webp 800w, https:\/\/www.uytes.com.tr\/wp-content\/uploads\/2023\/05\/forecastpro_2-800x533-1-300x200.webp 300w, https:\/\/www.uytes.com.tr\/wp-content\/uploads\/2023\/05\/forecastpro_2-800x533-1-768x512.webp 768w\" sizes=\"auto, (max-width: 800px) 100vw, 800px\" \/><\/figure>\n<\/div>\n<\/div>\n\n\n\n<div style=\"height:23px\" aria-hidden=\"true\" class=\"wp-block-spacer\"><\/div>\n\n\n\n<h2 class=\"wp-block-heading has-large-font-size\">Her \u0130ki D\u00fcnyan\u0131n En \u0130yisi <\/h2>\n\n\n\n<div style=\"height:15px\" aria-hidden=\"true\" class=\"wp-block-spacer\"><\/div>\n\n\n\n<p style=\"font-size:15px;font-style:normal;font-weight:500\"><strong>Kurulu\u015funuzun, mevcut ERP veya di\u011fer planlama sistemlerinizden vazge\u00e7meden, \u00f6nde gelen ba\u011f\u0131ms\u0131z \u00f6ng\u00f6rme \u00e7\u00f6z\u00fcm\u00fc olarak Forecast Pro&#8217;nun sundu\u011fu her \u015feyden yararlanmas\u0131 kolayd\u0131r.<\/strong><\/p>\n\n\n\n<p style=\"font-size:15px;font-style:normal;font-weight:500\"><strong>Forecast Pro, kurulu\u015funuzun kulland\u0131\u011f\u0131 di\u011fer sistemlere veya veritabanlar\u0131na kolayca ba\u011flanabilir ve sizi cans\u0131z bir yerle\u015fik \u00f6ng\u00f6rme mod\u00fcl\u00fcne tak\u0131l\u0131p kalman\u0131n y\u00fck\u00fcnden kurtar\u0131r. D\u00fcnya \u00e7ap\u0131nda Forecast Pro&#8217;yu kullanan 12.000 kurulu\u015fla, \u00e7\u00f6z\u00fcm\u00fcm\u00fcz neredeyse g\u00fcne\u015f alt\u0131ndaki her sistemle birlikte kullan\u0131l\u0131yor!<\/strong><\/p>\n\n\n\n<div style=\"height:38px\" aria-hidden=\"true\" class=\"wp-block-spacer\"><\/div>\n\n\n\n<div class=\"wp-block-columns is-layout-flex wp-container-core-columns-is-layout-9d6595d7 wp-block-columns-is-layout-flex\">\n<div class=\"wp-block-column is-layout-flow wp-block-column-is-layout-flow\">\n<div class=\"wp-block-buttons is-content-justification-center is-layout-flex wp-container-core-buttons-is-layout-16018d1d wp-block-buttons-is-layout-flex\">\n<div class=\"wp-block-button\"><a class=\"wp-block-button__link has-white-color has-text-color has-background has-text-align-center wp-element-button\" href=\"https:\/\/www.forecastpro.com\/solutions\/forecast-pro\/quick-tour\/\" style=\"background-color:#0979bb\"><strong>H\u0131zl\u0131 Tur<\/strong><\/a><\/div>\n<\/div>\n\n\n\n<div style=\"height:10px\" aria-hidden=\"true\" class=\"wp-block-spacer\"><\/div>\n\n\n\n<p style=\"font-size:15px;font-style:normal;font-weight:500\"><strong>Forecast Pro&#8217;nun g\u00fcc\u00fcn\u00fc ve esnekli\u011fini eylemde g\u00f6rebilmek i\u00e7in H\u0131zl\u0131 Tur videosunu izleyin<\/strong><\/p>\n<\/div>\n\n\n\n<div class=\"wp-block-column is-layout-flow wp-block-column-is-layout-flow\">\n<div class=\"wp-block-buttons is-content-justification-center is-layout-flex wp-container-core-buttons-is-layout-16018d1d wp-block-buttons-is-layout-flex\">\n<div class=\"wp-block-button\"><a class=\"wp-block-button__link has-white-color has-text-color has-background has-text-align-center wp-element-button\" href=\"https:\/\/www.uytes.com.tr\/index.php\/forecast-pro-yetenekleri\/\" style=\"background-color:#0979bb\"><strong>Yetenekleri<\/strong><\/a><\/div>\n<\/div>\n\n\n\n<div style=\"height:10px\" aria-hidden=\"true\" class=\"wp-block-spacer\"><\/div>\n\n\n\n<p style=\"font-size:15px;font-style:normal;font-weight:500\"><strong>Kesin ve g\u00fcvenilir \u00f6ng\u00f6r\u00fcler \u00fcretin ve \u00f6ng\u00f6rme s\u00fcrecinizi verimli y\u00f6netin.<\/strong><\/p>\n\n\n\n<div style=\"height:10px\" aria-hidden=\"true\" class=\"wp-block-spacer\"><\/div>\n<\/div>\n\n\n\n<div class=\"wp-block-column is-layout-flow wp-block-column-is-layout-flow\">\n<div class=\"wp-block-buttons is-content-justification-center is-layout-flex wp-container-core-buttons-is-layout-16018d1d wp-block-buttons-is-layout-flex\">\n<div class=\"wp-block-button\"><a class=\"wp-block-button__link has-white-color has-text-color has-background has-text-align-center wp-element-button\" href=\"https:\/\/www.uytes.com.tr\/index.php\/forecast-pro-urun-karsilastirma\/\" style=\"background-color:#0979bb\"><strong>\u00dcr\u00fcn kar\u015f\u0131la\u015ft\u0131rma<\/strong><\/a><\/div>\n<\/div>\n\n\n\n<div style=\"height:10px\" aria-hidden=\"true\" class=\"wp-block-spacer\"><\/div>\n\n\n\n<p style=\"font-size:15px;font-style:normal;font-weight:500\"><strong>\u00c7ok \u00e7e\u015fitli i\u015f \u00f6ng\u00f6rme ihtiya\u00e7lar\u0131n\u0131 kar\u015f\u0131lamak i\u00e7in Forecast Pro&#8217;nun \u00fc\u00e7 s\u00fcr\u00fcm\u00fcn\u00fc sunuyoruz.<\/strong><\/p>\n\n\n\n<div style=\"height:10px\" aria-hidden=\"true\" class=\"wp-block-spacer\"><\/div>\n<\/div>\n<\/div>\n\n\n\n<div style=\"height:40px\" aria-hidden=\"true\" class=\"wp-block-spacer\"><\/div>\n\n\n\n<div class=\"wp-block-columns is-layout-flex wp-container-core-columns-is-layout-9d6595d7 wp-block-columns-is-layout-flex\">\n<div class=\"wp-block-column is-vertically-aligned-top is-layout-flow wp-block-column-is-layout-flow\">\n<div class=\"wp-block-buttons is-content-justification-center is-layout-flex wp-container-core-buttons-is-layout-16018d1d wp-block-buttons-is-layout-flex\">\n<div class=\"wp-block-button\"><a class=\"wp-block-button__link has-white-color has-text-color has-background wp-element-button\" href=\"https:\/\/www.uytes.com.tr\/index.php\/ongorme-metotlari\/\" style=\"background-color:#0979bb\"><strong>\u00d6ng\u00f6rme Metotlar\u0131<\/strong><\/a><\/div>\n<\/div>\n\n\n\n<div style=\"height:10px\" aria-hidden=\"true\" class=\"wp-block-spacer\"><\/div>\n\n\n\n<p style=\"font-size:15px;font-style:normal;font-weight:500\"><strong>Kan\u0131tlanm\u0131\u015f istatistiksel \u00f6ng\u00f6rme metotlar\u0131n\u0131 kullanarak h\u0131zl\u0131 ve kolay bir \u015fekilde kesin \u00f6ng\u00f6r\u00fcler olu\u015fturun<\/strong><\/p>\n\n\n\n<div style=\"height:10px\" aria-hidden=\"true\" class=\"wp-block-spacer\"><\/div>\n<\/div>\n\n\n\n<div class=\"wp-block-column is-vertically-aligned-top is-layout-flow wp-block-column-is-layout-flow\">\n<div class=\"wp-block-buttons is-content-justification-center is-layout-flex wp-container-core-buttons-is-layout-16018d1d wp-block-buttons-is-layout-flex\">\n<div class=\"wp-block-button\"><a class=\"wp-block-button__link has-white-color has-text-color has-background wp-element-button\" href=\"https:\/\/www.forecastpro.com\/solutions\/forecast-pro\/implementation\/\" style=\"background-color:#0979bb\"><strong>Uygulama<\/strong><\/a><\/div>\n<\/div>\n\n\n\n<div style=\"height:10px\" aria-hidden=\"true\" class=\"wp-block-spacer\"><\/div>\n\n\n\n<p class=\"has-text-align-center\" style=\"font-size:15px;font-style:normal;font-weight:500\"><strong>Sat\u0131\u015fa haz\u0131r yaz\u0131l\u0131m paketimizi uygulamak i\u00e7in bu h\u0131zl\u0131 ve kolay ad\u0131mlar\u0131 takip edin. <\/strong><\/p>\n\n\n\n<p class=\"has-text-align-center has-medium-font-size\" style=\"font-style:normal;font-weight:500\"><\/p>\n\n\n\n<div style=\"height:10px\" aria-hidden=\"true\" class=\"wp-block-spacer\"><\/div>\n<\/div>\n<\/div>\n","protected":false},"excerpt":{"rendered":"<p>Forecast Pro Nedir? Forecast Pro, d\u00fcnya genelindeki kurulu\u015flar taraf\u0131ndan daha geni\u015f planlama sistemlerine kolayca entegre edilebilecek istatistiksel tabanl\u0131 do\u011fru \u00f6ng\u00f6r\u00fcler olu\u015fturmak i\u00e7in kullan\u0131lan, kan\u0131tlanm\u0131\u015f haz\u0131r bir yaz\u0131l\u0131md\u0131r. \u0130\u015fletme \u00f6ng\u00f6rmecileri i\u00e7in \u00f6zel olarak tasarlanan Forecast Pro&#8217;nun kullan\u0131m\u0131 kolayd\u0131r, ancak son teknoloji y\u00f6ntemler ve kapsaml\u0131 ara\u00e7lar sunarak saniyeler i\u00e7inde otomatik olarak g\u00fcvenilir \u00f6ng\u00f6r\u00fcler olu\u015fturman\u0131z\u0131 kolayla\u015ft\u0131r\u0131r. Kolay, Do\u011fru, [&hellip;]<\/p>\n","protected":false},"author":1,"featured_media":0,"parent":0,"menu_order":0,"comment_status":"closed","ping_status":"closed","template":"","meta":{"footnotes":""},"class_list":["post-3220","page","type-page","status-publish","hentry"],"_links":{"self":[{"href":"https:\/\/www.uytes.com.tr\/index.php\/wp-json\/wp\/v2\/pages\/3220","targetHints":{"allow":["GET"]}}],"collection":[{"href":"https:\/\/www.uytes.com.tr\/index.php\/wp-json\/wp\/v2\/pages"}],"about":[{"href":"https:\/\/www.uytes.com.tr\/index.php\/wp-json\/wp\/v2\/types\/page"}],"author":[{"embeddable":true,"href":"https:\/\/www.uytes.com.tr\/index.php\/wp-json\/wp\/v2\/users\/1"}],"replies":[{"embeddable":true,"href":"https:\/\/www.uytes.com.tr\/index.php\/wp-json\/wp\/v2\/comments?post=3220"}],"version-history":[{"count":45,"href":"https:\/\/www.uytes.com.tr\/index.php\/wp-json\/wp\/v2\/pages\/3220\/revisions"}],"predecessor-version":[{"id":3482,"href":"https:\/\/www.uytes.com.tr\/index.php\/wp-json\/wp\/v2\/pages\/3220\/revisions\/3482"}],"wp:attachment":[{"href":"https:\/\/www.uytes.com.tr\/index.php\/wp-json\/wp\/v2\/media?parent=3220"}],"curies":[{"name":"wp","href":"https:\/\/api.w.org\/{rel}","templated":true}]}}