{"id":3295,"date":"2023-06-20T01:03:59","date_gmt":"2023-06-19T22:03:59","guid":{"rendered":"https:\/\/www.uytes.com.tr\/?page_id=3295"},"modified":"2025-05-08T14:56:01","modified_gmt":"2025-05-08T11:56:01","slug":"forecast-pro-urun-karsilastirma","status":"publish","type":"page","link":"https:\/\/www.uytes.com.tr\/index.php\/forecast-pro-urun-karsilastirma\/","title":{"rendered":"Forecast Pro \u00dcr\u00fcn Kar\u015f\u0131la\u015ft\u0131rma"},"content":{"rendered":"\r\n<h2 class=\"wp-block-heading\" style=\"font-size: 50px; font-style: normal; font-weight: 500;\">\u00dcr\u00fcn Kar\u015f\u0131la\u015ft\u0131rma<\/h2>\r\n\r\n\r\n\r\n<div class=\"wp-block-spacer\" style=\"height: 13px;\" aria-hidden=\"true\">\u00a0<\/div>\r\n\r\n\r\n\r\n<p><strong>\u00c7ok \u00e7e\u015fitli i\u015f \u00f6ng\u00f6rme ihtiya\u00e7lar\u0131n\u0131 kar\u015f\u0131lamak i\u00e7in Forecast Pro&#8217;nun <strong>\u00fc\u00e7 s\u00fcr\u00fcm\u00fcn\u00fc<\/strong><\/strong> <strong>&#8211; Forecast Pro 100, Forecast Pro Extended ve Forecast Pro TRAC \u00fcr\u00fcnlerini sunuyoruz.<\/strong><\/p>\r\n\r\n\r\n\r\n<p><strong>Tablodaki bilgiler size uygun s\u00fcr\u00fcm\u00fc bulman\u0131za yard\u0131mc\u0131 olacakt\u0131r, ancak do\u011fru e\u015fle\u015fmeyi bulman\u0131za yard\u0131mc\u0131 olmak ve i\u015f ihtiya\u00e7lar\u0131n\u0131z\u0131 g\u00f6r\u00fc\u015fmek i\u00e7in bizimle ileti\u015fime ge\u00e7menizden mutluluk duyaca\u011f\u0131z.<\/strong><\/p>\r\n\r\n\r\n\r\n<div class=\"wp-block-spacer\" style=\"height: 22px;\" aria-hidden=\"true\">\u00a0<\/div>\r\n\r\n\r\n\r\n<div class=\"wp-block-columns is-layout-flex wp-container-core-columns-is-layout-9d6595d7 wp-block-columns-is-layout-flex\">\r\n<div class=\"wp-block-column is-layout-flow wp-block-column-is-layout-flow\" style=\"flex-basis: 100%;\">\r\n<div class=\"wp-block-columns has-small-font-size is-layout-flex wp-container-core-columns-is-layout-9d6595d7 wp-block-columns-is-layout-flex\">\r\n<div class=\"wp-block-column is-layout-flow wp-block-column-is-layout-flow\" style=\"flex-basis: 100%;\">\r\n<div class=\"wp-block-columns is-layout-flex wp-container-core-columns-is-layout-9d6595d7 wp-block-columns-is-layout-flex\">\r\n<div class=\"wp-block-column is-layout-flow wp-block-column-is-layout-flow\" style=\"flex-basis: 180%;\">\r\n<div class=\"wp-block-columns is-layout-flex wp-container-core-columns-is-layout-9d6595d7 wp-block-columns-is-layout-flex\">\r\n<div class=\"wp-block-column is-layout-flow wp-block-column-is-layout-flow\" style=\"flex-basis: 100%;\">\r\n<div class=\"wp-block-columns are-vertically-aligned-center is-layout-flex wp-container-core-columns-is-layout-9d6595d7 wp-block-columns-is-layout-flex\">\r\n<div class=\"wp-block-column is-vertically-aligned-center is-layout-flow wp-block-column-is-layout-flow\" style=\"flex-basis: 450%;\">\r\n<div class=\"wp-block-columns is-layout-flex wp-container-core-columns-is-layout-9d6595d7 wp-block-columns-is-layout-flex\">\r\n<div class=\"wp-block-column is-layout-flow wp-block-column-is-layout-flow\" style=\"flex-basis: 90%;\">\r\n<div class=\"wp-block-columns is-layout-flex wp-container-core-columns-is-layout-9d6595d7 wp-block-columns-is-layout-flex\">\r\n<div class=\"wp-block-column is-layout-flow wp-block-column-is-layout-flow\" style=\"flex-basis: 100%;\">\r\n<figure class=\"wp-block-table alignleft is-style-stripes\" style=\"font-size: 15px; font-style: normal; font-weight: 500; letter-spacing: 1px;\">\r\n<table>\r\n<thead>\r\n<tr>\r\n<th>\u00a0<\/th>\r\n<th><strong>Anahtar Yetenekler Kontrol Listesi <\/strong><\/th>\r\n<th class=\"has-text-align-center\" data-align=\"center\">FP100<\/th>\r\n<th class=\"has-text-align-center\" data-align=\"center\">FP Extended<\/th>\r\n<th class=\"has-text-align-center\" data-align=\"center\">FP TRAC<\/th>\r\n<\/tr>\r\n<\/thead>\r\n<tbody>\r\n<tr>\r\n<td>\u00a0<\/td>\r\n<td><mark class=\"has-inline-color has-vivid-red-color\" style=\"background-color: rgba(0, 0, 0, 0);\">Veri Kapasitesi <\/mark><\/td>\r\n<td class=\"has-text-align-center\" data-align=\"center\">\u00a0<\/td>\r\n<td class=\"has-text-align-center\" data-align=\"center\">\u00a0<\/td>\r\n<td class=\"has-text-align-center\" data-align=\"center\">\u00a0<\/td>\r\n<\/tr>\r\n<tr>\r\n<td>\u00a0<\/td>\r\n<td><strong>Proje Ba\u015f\u0131na \u00d6ng\u00f6rebilece\u011finiz \u00d6\u011fe Say\u0131s\u0131<\/strong><\/td>\r\n<td class=\"has-text-align-center\" data-align=\"center\"><strong>100<\/strong><\/td>\r\n<td class=\"has-text-align-center\" data-align=\"center\"><strong>Limitsiz<\/strong><\/td>\r\n<td class=\"has-text-align-center\" data-align=\"center\"><strong>Limitsiz<\/strong><\/td>\r\n<\/tr>\r\n<tr>\r\n<td>\u00a0<\/td>\r\n<td><strong>Komut Sat\u0131r\u0131 \u0130\u015flemi<\/strong><\/td>\r\n<td class=\"has-text-align-center\" data-align=\"center\">\u00a0<\/td>\r\n<td class=\"has-text-align-center\" data-align=\"center\"><strong>X<\/strong><\/td>\r\n<td class=\"has-text-align-center\" data-align=\"center\"><strong>X<\/strong><\/td>\r\n<\/tr>\r\n<tr>\r\n<td>\u00a0<\/td>\r\n<td><mark class=\"has-inline-color has-vivid-red-color\" style=\"background-color: rgba(0, 0, 0, 0);\">Do\u011fru \u00d6ng\u00f6r\u00fcler Olu\u015fturmak i\u00e7in Ara\u00e7lar<\/mark><\/td>\r\n<td class=\"has-text-align-center\" data-align=\"center\">\u00a0<\/td>\r\n<td class=\"has-text-align-center\" data-align=\"center\">\u00a0<\/td>\r\n<td class=\"has-text-align-center\" data-align=\"center\">\u00a0<\/td>\r\n<\/tr>\r\n<tr>\r\n<td>\u00a0<\/td>\r\n<td><strong>Geni\u015f \u00f6ng\u00f6rme y\u00f6ntemleri yelpazesi<\/strong><\/td>\r\n<td class=\"has-text-align-center\" data-align=\"center\"><strong>X<\/strong><\/td>\r\n<td class=\"has-text-align-center\" data-align=\"center\"><strong>X<\/strong><\/td>\r\n<td class=\"has-text-align-center\" data-align=\"center\"><strong>X<\/strong><\/td>\r\n<\/tr>\r\n<tr>\r\n<td>\u00a0<\/td>\r\n<td><strong>Makine \u00f6\u011frenimi modelleri<\/strong><\/td>\r\n<td class=\"has-text-align-center\" data-align=\"center\"><strong>X<\/strong><\/td>\r\n<td class=\"has-text-align-center\" data-align=\"center\"><strong>X<\/strong><\/td>\r\n<td class=\"has-text-align-center\" data-align=\"center\"><strong>X<\/strong><\/td>\r\n<\/tr>\r\n<tr>\r\n<td>\u00a0<\/td>\r\n<td><strong>Otomatik &#8220;en iyi se\u00e7im&#8221; model se\u00e7imi<\/strong><\/td>\r\n<td class=\"has-text-align-center\" data-align=\"center\"><strong>X<\/strong><\/td>\r\n<td class=\"has-text-align-center\" data-align=\"center\"><strong>X<\/strong><\/td>\r\n<td class=\"has-text-align-center\" data-align=\"center\"><strong>X<\/strong><\/td>\r\n<\/tr>\r\n<tr>\r\n<td>\u00a0<\/td>\r\n<td><strong>Her d\u00fczeyde \u00f6zel model belirleme<\/strong><\/td>\r\n<td class=\"has-text-align-center\" data-align=\"center\"><strong>X<\/strong><\/td>\r\n<td class=\"has-text-align-center\" data-align=\"center\"><strong>X<\/strong><\/td>\r\n<td class=\"has-text-align-center\" data-align=\"center\"><strong>X<\/strong><\/td>\r\n<\/tr>\r\n<tr>\r\n<td>\u00a0<\/td>\r\n<td><mark class=\"has-inline-color has-vivid-red-color\" style=\"background-color: rgba(0, 0, 0, 0);\">\u00d6ng\u00f6r\u00fclere Yarg\u0131 Eklemek \u0130\u00e7in Ge\u00e7ersiz K\u0131lmalar (Overrides)<\/mark><\/td>\r\n<td class=\"has-text-align-center\" data-align=\"center\">\u00a0<\/td>\r\n<td class=\"has-text-align-center\" data-align=\"center\">\u00a0<\/td>\r\n<td class=\"has-text-align-center\" data-align=\"center\">\u00a0<\/td>\r\n<\/tr>\r\n<tr>\r\n<td>\u00a0<\/td>\r\n<td><strong>11 adede kadar tutulabilir ge\u00e7ersiz k\u0131lma sat\u0131r\u0131<\/strong><\/td>\r\n<td class=\"has-text-align-center\" data-align=\"center\"><strong>X<\/strong><\/td>\r\n<td class=\"has-text-align-center\" data-align=\"center\"><strong>X<\/strong><\/td>\r\n<td class=\"has-text-align-center\" data-align=\"center\"><strong>X<\/strong><\/td>\r\n<\/tr>\r\n<tr>\r\n<td>\u00a0<\/td>\r\n<td><strong>Mutabakat ile herhangi bir d\u00fczeyde ge\u00e7ersiz k\u0131lmalar<\/strong><\/td>\r\n<td class=\"has-text-align-center\" data-align=\"center\"><strong>X<\/strong><\/td>\r\n<td class=\"has-text-align-center\" data-align=\"center\"><strong>X<\/strong><\/td>\r\n<td class=\"has-text-align-center\" data-align=\"center\"><strong>X<\/strong><\/td>\r\n<\/tr>\r\n<tr>\r\n<td>\u00a0<\/td>\r\n<td><strong>Denetim raporlar\u0131 ile ge\u00e7ersiz k\u0131lma yorumlar\u0131<\/strong><\/td>\r\n<td class=\"has-text-align-center\" data-align=\"center\"><strong>X<\/strong><\/td>\r\n<td class=\"has-text-align-center\" data-align=\"center\"><strong>X<\/strong><\/td>\r\n<td class=\"has-text-align-center\" data-align=\"center\"><strong>X<\/strong><\/td>\r\n<\/tr>\r\n<tr>\r\n<td>\u00a0<\/td>\r\n<td><mark class=\"has-inline-color has-vivid-red-color\" style=\"background-color: rgba(0, 0, 0, 0);\">Tak\u0131m \u00d6ng\u00f6rme<\/mark><\/td>\r\n<td class=\"has-text-align-center\" data-align=\"center\">\u00a0<\/td>\r\n<td class=\"has-text-align-center\" data-align=\"center\">\u00a0<\/td>\r\n<td class=\"has-text-align-center\" data-align=\"center\">\u00a0<\/td>\r\n<\/tr>\r\n<tr>\r\n<td>\u00a0<\/td>\r\n<td><strong>\u0130\u015f arkada\u015flar\u0131n\u0131z\u0131n projelerini inceleyin ve de\u011fi\u015fiklikler yap\u0131n<\/strong><\/td>\r\n<td class=\"has-text-align-center\" data-align=\"center\"><strong>X<\/strong><\/td>\r\n<td class=\"has-text-align-center\" data-align=\"center\"><strong>X<\/strong><\/td>\r\n<td class=\"has-text-align-center\" data-align=\"center\"><strong>X<\/strong><\/td>\r\n<\/tr>\r\n<tr>\r\n<td>\u00a0<\/td>\r\n<td><strong>Birden \u00e7ok projeyi ana projede birle\u015ftirin<\/strong><\/td>\r\n<td class=\"has-text-align-center\" data-align=\"center\"><strong>X<\/strong><\/td>\r\n<td class=\"has-text-align-center\" data-align=\"center\"><strong>X<\/strong><\/td>\r\n<td class=\"has-text-align-center\" data-align=\"center\"><strong>X<\/strong><\/td>\r\n<\/tr>\r\n<tr>\r\n<td>\u00a0<\/td>\r\n<td><strong>Excel tabanl\u0131 i\u015fbirli\u011fi<\/strong><\/td>\r\n<td class=\"has-text-align-center\" data-align=\"center\">\u00a0<\/td>\r\n<td class=\"has-text-align-center\" data-align=\"center\">\u00a0<\/td>\r\n<td class=\"has-text-align-center\" data-align=\"center\"><strong>X<\/strong><\/td>\r\n<\/tr>\r\n<tr>\r\n<td>\u00a0<\/td>\r\n<td><mark class=\"has-inline-color has-vivid-red-color\" style=\"background-color: rgba(0, 0, 0, 0);\">\u00d6ng\u00f6r\u00fcler ve Raporlama ile \u00c7al\u0131\u015fma Esnekli\u011fi<\/mark><\/td>\r\n<td class=\"has-text-align-center\" data-align=\"center\">\u00a0<\/td>\r\n<td class=\"has-text-align-center\" data-align=\"center\">\u00a0<\/td>\r\n<td class=\"has-text-align-center\" data-align=\"center\">\u00a0<\/td>\r\n<\/tr>\r\n<tr>\r\n<td>\u00a0<\/td>\r\n<td><strong>Say\u0131sal raporlar ve grafik g\u00f6r\u00fcnt\u00fcler<\/strong><\/td>\r\n<td class=\"has-text-align-center\" data-align=\"center\"><strong>X<\/strong><\/td>\r\n<td class=\"has-text-align-center\" data-align=\"center\"><strong>X<\/strong><\/td>\r\n<td class=\"has-text-align-center\" data-align=\"center\"><strong>X<\/strong><\/td>\r\n<\/tr>\r\n<tr>\r\n<td>\u00a0<\/td>\r\n<td><strong>Ge\u00e7mi\u015fin ve\/veya \u00f6ng\u00f6r\u00fclen de\u011ferlerin dahil edilmesi<\/strong><\/td>\r\n<td class=\"has-text-align-center\" data-align=\"center\"><strong>X<\/strong><\/td>\r\n<td class=\"has-text-align-center\" data-align=\"center\"><strong>X<\/strong><\/td>\r\n<td class=\"has-text-align-center\" data-align=\"center\"><strong>X<\/strong><\/td>\r\n<\/tr>\r\n<tr>\r\n<td>\u00a0<\/td>\r\n<td><strong>Filtreleme ile \u00f6zelle\u015ftirilebilir raporlar<\/strong><\/td>\r\n<td class=\"has-text-align-center\" data-align=\"center\"><strong>X<\/strong><\/td>\r\n<td class=\"has-text-align-center\" data-align=\"center\"><strong>X<\/strong><\/td>\r\n<td class=\"has-text-align-center\" data-align=\"center\"><strong>X<\/strong><\/td>\r\n<\/tr>\r\n<tr>\r\n<td>\u00a0<\/td>\r\n<td><strong>G\u00fcvenlik sto\u011fu ve yeniden sipari\u015f noktalar\u0131<\/strong><\/td>\r\n<td class=\"has-text-align-center\" data-align=\"center\"><strong>X<\/strong><\/td>\r\n<td class=\"has-text-align-center\" data-align=\"center\"><strong>X<\/strong><\/td>\r\n<td class=\"has-text-align-center\" data-align=\"center\"><strong>X<\/strong><\/td>\r\n<\/tr>\r\n<tr>\r\n<td>\u00a0<\/td>\r\n<td><strong>ABC\/Pareto analizi <\/strong><\/td>\r\n<td class=\"has-text-align-center\" data-align=\"center\"><strong>X<\/strong><\/td>\r\n<td class=\"has-text-align-center\" data-align=\"center\"><strong>X<\/strong><\/td>\r\n<td class=\"has-text-align-center\" data-align=\"center\"><strong>X<\/strong><\/td>\r\n<\/tr>\r\n<tr>\r\n<td>\u00a0<\/td>\r\n<td><strong>Birden \u00e7ok \u00f6l\u00e7\u00fc birimine d\u00f6n\u00fc\u015ft\u00fcrmeler<\/strong><\/td>\r\n<td class=\"has-text-align-center\" data-align=\"center\">\u00a0<\/td>\r\n<td class=\"has-text-align-center\" data-align=\"center\">\u00a0<\/td>\r\n<td class=\"has-text-align-center\" data-align=\"center\"><strong>X<\/strong><\/td>\r\n<\/tr>\r\n<tr>\r\n<td>\u00a0<\/td>\r\n<td><strong>Hiyerar\u015fi &#8220;Kar\u0131\u015ft\u0131rma&#8221; (\u00e7oklu hiyerar\u015filer) <\/strong><\/td>\r\n<td class=\"has-text-align-center\" data-align=\"center\">\u00a0<\/td>\r\n<td class=\"has-text-align-center\" data-align=\"center\">\u00a0<\/td>\r\n<td class=\"has-text-align-center\" data-align=\"center\"><strong>X<\/strong><\/td>\r\n<\/tr>\r\n<tr>\r\n<td>\u00a0<\/td>\r\n<td><strong>Zaman bariyerleri<\/strong><\/td>\r\n<td class=\"has-text-align-center\" data-align=\"center\">\u00a0<\/td>\r\n<td class=\"has-text-align-center\" data-align=\"center\">\u00a0<\/td>\r\n<td class=\"has-text-align-center\" data-align=\"center\"><strong>X<\/strong><\/td>\r\n<\/tr>\r\n<tr>\r\n<td>\u00a0<\/td>\r\n<td><strong>\u00dcr\u00fcn e\u015fleme<\/strong><\/td>\r\n<td class=\"has-text-align-center\" data-align=\"center\">\u00a0<\/td>\r\n<td class=\"has-text-align-center\" data-align=\"center\">\u00a0<\/td>\r\n<td class=\"has-text-align-center\" data-align=\"center\"><strong>X<\/strong><\/td>\r\n<\/tr>\r\n<tr>\r\n<td>\u00a0<\/td>\r\n<td><mark class=\"has-inline-color has-vivid-red-color\" style=\"background-color: rgba(0, 0, 0, 0);\">\u00d6ng\u00f6r\u00fc Do\u011frulu\u011fu \u00d6l\u00e7\u00fcm\u00fc ve Takibi<\/mark><\/td>\r\n<td class=\"has-text-align-center\" data-align=\"center\">\u00a0<\/td>\r\n<td class=\"has-text-align-center\" data-align=\"center\">\u00a0<\/td>\r\n<td class=\"has-text-align-center\" data-align=\"center\">\u00a0<\/td>\r\n<\/tr>\r\n<tr>\r\n<td>\u00a0<\/td>\r\n<td><strong>\u00d6rnek d\u0131\u015f\u0131 sim\u00fclasyon<\/strong><\/td>\r\n<td class=\"has-text-align-center\" data-align=\"center\"><strong>X<\/strong><\/td>\r\n<td class=\"has-text-align-center\" data-align=\"center\"><strong>X<\/strong><\/td>\r\n<td class=\"has-text-align-center\" data-align=\"center\"><strong>X<\/strong><\/td>\r\n<\/tr>\r\n<tr>\r\n<td>\u00a0<\/td>\r\n<td><strong>\u00d6ng\u00f6r\u00fc ar\u015fiv veritaban\u0131<\/strong><\/td>\r\n<td class=\"has-text-align-center\" data-align=\"center\">\u00a0<\/td>\r\n<td class=\"has-text-align-center\" data-align=\"center\">\u00a0<\/td>\r\n<td class=\"has-text-align-center\" data-align=\"center\"><strong>X<\/strong><\/td>\r\n<\/tr>\r\n<tr>\r\n<td>\u00a0<\/td>\r\n<td><strong>\u00d6ng\u00f6r\u00fc Katma De\u011fer raporlama <\/strong><\/td>\r\n<td class=\"has-text-align-center\" data-align=\"center\">\u00a0<\/td>\r\n<td class=\"has-text-align-center\" data-align=\"center\">\u00a0<\/td>\r\n<td class=\"has-text-align-center\" data-align=\"center\"><strong>X<\/strong><\/td>\r\n<\/tr>\r\n<tr>\r\n<td>\u00a0<\/td>\r\n<td><strong>Do\u011frulu\u011fun analizi i\u00e7in \u015felale raporlar\u0131 <\/strong><\/td>\r\n<td class=\"has-text-align-center\" data-align=\"center\">\u00a0<\/td>\r\n<td class=\"has-text-align-center\" data-align=\"center\">\u00a0<\/td>\r\n<td class=\"has-text-align-center\" data-align=\"center\"><strong>X<\/strong><\/td>\r\n<\/tr>\r\n<tr>\r\n<td>\u00a0<\/td>\r\n<td><mark class=\"has-inline-color has-vivid-red-color\" style=\"background-color: rgba(0, 0, 0, 0);\">\u0130stisna Raporlama<\/mark><\/td>\r\n<td class=\"has-text-align-center\" data-align=\"center\">\u00a0<\/td>\r\n<td class=\"has-text-align-center\" data-align=\"center\">\u00a0<\/td>\r\n<td class=\"has-text-align-center\" data-align=\"center\">\u00a0<\/td>\r\n<\/tr>\r\n<tr>\r\n<td>\u00a0<\/td>\r\n<td><strong>\u00d6ng\u00f6r\u00fc ve ger\u00e7ekle\u015fme raporlar<\/strong>\u0131<\/td>\r\n<td class=\"has-text-align-center\" data-align=\"center\">\u00a0<\/td>\r\n<td class=\"has-text-align-center\" data-align=\"center\">\u00a0<\/td>\r\n<td class=\"has-text-align-center\" data-align=\"center\"><strong>X<\/strong><\/td>\r\n<\/tr>\r\n<tr>\r\n<td>\u00a0<\/td>\r\n<td><strong>\u00d6ng\u00f6r\u00fc ve ge\u00e7mi\u015f raporlar\u0131<\/strong><\/td>\r\n<td class=\"has-text-align-center\" data-align=\"center\">\u00a0<\/td>\r\n<td class=\"has-text-align-center\" data-align=\"center\">\u00a0<\/td>\r\n<td class=\"has-text-align-center\" data-align=\"center\"><strong>X<\/strong><\/td>\r\n<\/tr>\r\n<tr>\r\n<td>\u00a0<\/td>\r\n<td><strong><strong>\u00d6ng\u00f6r\u00fc<\/strong> ve ar\u015fiv raporlar\u0131<\/strong><\/td>\r\n<td class=\"has-text-align-center\" data-align=\"center\">\u00a0<\/td>\r\n<td class=\"has-text-align-center\" data-align=\"center\">\u00a0<\/td>\r\n<td class=\"has-text-align-center\" data-align=\"center\"><strong>X<\/strong><\/td>\r\n<\/tr>\r\n<tr>\r\n<td>\u00a0<\/td>\r\n<td><strong>\u00d6ng\u00f6r\u00fc aral\u0131\u011f\u0131 raporlar\u0131<\/strong><\/td>\r\n<td class=\"has-text-align-center\" data-align=\"center\">\u00a0<\/td>\r\n<td class=\"has-text-align-center\" data-align=\"center\">\u00a0<\/td>\r\n<td class=\"has-text-align-center\" data-align=\"center\"><strong>X<\/strong><\/td>\r\n<\/tr>\r\n<tr>\r\n<td>\u00a0<\/td>\r\n<td><strong>\u015eelale raporlar\u0131<\/strong><\/td>\r\n<td class=\"has-text-align-center\" data-align=\"center\">\u00a0<\/td>\r\n<td class=\"has-text-align-center\" data-align=\"center\">\u00a0<\/td>\r\n<td class=\"has-text-align-center\" data-align=\"center\"><strong>X<\/strong><\/td>\r\n<\/tr>\r\n<tr>\r\n<td>\u00a0<\/td>\r\n<td><mark class=\"has-inline-color has-vivid-red-color\" style=\"background-color: rgba(0, 0, 0, 0);\">\u00d6zelle\u015ftirilebilir \u00d6ng\u00f6r\u00fc \u00c7al\u0131\u015fma Sayfalar\u0131<\/mark><\/td>\r\n<td class=\"has-text-align-center\" data-align=\"center\">\u00a0<\/td>\r\n<td class=\"has-text-align-center\" data-align=\"center\">\u00a0<\/td>\r\n<td class=\"has-text-align-center\" data-align=\"center\">\u00a0<\/td>\r\n<\/tr>\r\n<tr>\r\n<td>\u00a0<\/td>\r\n<td><strong>S&amp;OP i\u00e7in \u00e7oklu <strong>\u00f6ng\u00f6r\u00fcleri<\/strong><\/strong><strong> entegre edin<\/strong><\/td>\r\n<td class=\"has-text-align-center\" data-align=\"center\">\u00a0<\/td>\r\n<td class=\"has-text-align-center\" data-align=\"center\">\u00a0<\/td>\r\n<td class=\"has-text-align-center\" data-align=\"center\"><strong>X<\/strong><\/td>\r\n<\/tr>\r\n<tr>\r\n<td>\u00a0<\/td>\r\n<td><strong>\u0130lgili d\u0131\u015f bilgileri i\u00e7e aktar\u0131n<\/strong><\/td>\r\n<td class=\"has-text-align-center\" data-align=\"center\">\u00a0<\/td>\r\n<td class=\"has-text-align-center\" data-align=\"center\">\u00a0<\/td>\r\n<td class=\"has-text-align-center\" data-align=\"center\"><strong>X<\/strong><\/td>\r\n<\/tr>\r\n<tr>\r\n<td>\u00a0<\/td>\r\n<td><strong>Mevcut sat\u0131rlara g\u00f6re yeni sat\u0131rlar\u0131 hesaplay\u0131n<\/strong><\/td>\r\n<td class=\"has-text-align-center\" data-align=\"center\">\u00a0<\/td>\r\n<td class=\"has-text-align-center\" data-align=\"center\">\u00a0<\/td>\r\n<td class=\"has-text-align-center\" data-align=\"center\"><strong>X<\/strong><\/td>\r\n<\/tr>\r\n<tr>\r\n<td>\u00a0<\/td>\r\n<td>\u00a0<\/td>\r\n<td class=\"has-text-align-center\" data-align=\"center\">\u00a0<\/td>\r\n<td class=\"has-text-align-center\" data-align=\"center\">\u00a0<\/td>\r\n<td class=\"has-text-align-center\" data-align=\"center\">\u00a0<\/td>\r\n<\/tr>\r\n<\/tbody>\r\n<\/table>\r\n<\/figure>\r\n<\/div>\r\n<\/div>\r\n<\/div>\r\n<\/div>\r\n<\/div>\r\n<\/div>\r\n<\/div>\r\n<\/div>\r\n<\/div>\r\n<\/div>\r\n<\/div>\r\n<\/div>\r\n<\/div>\r\n<\/div>\r\n","protected":false},"excerpt":{"rendered":"<p>\u00dcr\u00fcn Kar\u015f\u0131la\u015ft\u0131rma \u00c7ok \u00e7e\u015fitli i\u015f \u00f6ng\u00f6rme ihtiya\u00e7lar\u0131n\u0131 kar\u015f\u0131lamak i\u00e7in Forecast Pro&#8217;nun \u00fc\u00e7 s\u00fcr\u00fcm\u00fcn\u00fc &#8211; Forecast Pro 100, Forecast Pro Extended ve Forecast Pro TRAC \u00fcr\u00fcnlerini sunuyoruz. Tablodaki bilgiler size uygun s\u00fcr\u00fcm\u00fc bulman\u0131za yard\u0131mc\u0131 olacakt\u0131r, ancak do\u011fru e\u015fle\u015fmeyi bulman\u0131za yard\u0131mc\u0131 olmak ve i\u015f ihtiya\u00e7lar\u0131n\u0131z\u0131 g\u00f6r\u00fc\u015fmek i\u00e7in bizimle ileti\u015fime ge\u00e7menizden mutluluk duyaca\u011f\u0131z. \u00a0 Anahtar Yetenekler Kontrol Listesi [&hellip;]<\/p>\n","protected":false},"author":1,"featured_media":0,"parent":0,"menu_order":0,"comment_status":"closed","ping_status":"closed","template":"","meta":{"footnotes":""},"class_list":["post-3295","page","type-page","status-publish","hentry"],"_links":{"self":[{"href":"https:\/\/www.uytes.com.tr\/index.php\/wp-json\/wp\/v2\/pages\/3295","targetHints":{"allow":["GET"]}}],"collection":[{"href":"https:\/\/www.uytes.com.tr\/index.php\/wp-json\/wp\/v2\/pages"}],"about":[{"href":"https:\/\/www.uytes.com.tr\/index.php\/wp-json\/wp\/v2\/types\/page"}],"author":[{"embeddable":true,"href":"https:\/\/www.uytes.com.tr\/index.php\/wp-json\/wp\/v2\/users\/1"}],"replies":[{"embeddable":true,"href":"https:\/\/www.uytes.com.tr\/index.php\/wp-json\/wp\/v2\/comments?post=3295"}],"version-history":[{"count":41,"href":"https:\/\/www.uytes.com.tr\/index.php\/wp-json\/wp\/v2\/pages\/3295\/revisions"}],"predecessor-version":[{"id":4339,"href":"https:\/\/www.uytes.com.tr\/index.php\/wp-json\/wp\/v2\/pages\/3295\/revisions\/4339"}],"wp:attachment":[{"href":"https:\/\/www.uytes.com.tr\/index.php\/wp-json\/wp\/v2\/media?parent=3295"}],"curies":[{"name":"wp","href":"https:\/\/api.w.org\/{rel}","templated":true}]}}