{"id":334,"date":"2017-12-18T17:17:42","date_gmt":"2017-12-18T14:17:42","guid":{"rendered":"http:\/\/www.uytes.com.tr\/wp\/?page_id=334"},"modified":"2024-05-22T02:46:59","modified_gmt":"2024-05-21T23:46:59","slug":"statamp-icin-nasil-bir-bilgisayar-kullanmaliyim","status":"publish","type":"page","link":"https:\/\/www.uytes.com.tr\/index.php\/statamp-icin-nasil-bir-bilgisayar-kullanmaliyim\/","title":{"rendered":"Stata\/MP i\u00e7in nas\u0131l bir bilgisayar kullanmal\u0131y\u0131m?"},"content":{"rendered":"<p><strong><a href=\"http:\/\/www.uytes.com.tr\/wp\/index.php\/statamp\/\">Stata\/MP<\/a>, \u00e7oklu i\u015flemci veya \u00e7ekirde\u011fe sahip bir bilgisayarda simetrik \u00e7oklu i\u015flem (SMP) yapabilen bir Stata \u00e7e\u015fididir.<\/strong><br \/>\n<strong>Stata\/MP lisanslar\u0131 bir platforma \u00f6zg\u00fcn de\u011fildir ve Stata\/MP, Stata&#8217;n\u0131n destekledi\u011fi t\u00fcm i\u015fletim sistemlerinde \u00e7al\u0131\u015f\u0131r:<\/strong><\/p>\n<ul>\n<li><strong>Windows (64-bit x86-64)<\/strong><\/li>\n<li><strong>macOS (Apple Silicon veta 64-bit Intel)<\/strong><\/li>\n<li><strong>Linux (64-bit x86-64)<\/strong><\/li>\n<\/ul>\n<p><strong>Bir bilgisayar\u0131n i\u015flemcisi genellikle merkezi i\u015flem birimi veya CPU olarak adland\u0131r\u0131l\u0131r. Bilgisayarlar\u0131n birden fazla CPU&#8217;su bulunabilir ve Stata\/MP bu mimariden verileri daha h\u0131zl\u0131 i\u015flemek i\u00e7in yararlan\u0131r.<\/strong><\/p>\n<p><strong>\u015eimdi neredeyse hemen t\u00fcm bilgisayarlar\u0131n \u00e7ok \u00e7ekirdekli i\u015flemcileri bulunmaktad\u0131r. Bir \u00e7ekirdek (core), bir i\u015flemcinin (CPU) tamsay\u0131sal ve kayan noktal\u0131 i\u015flem birimidir. B\u00f6ylece, \u00e7ift \u00e7ekirdekli bir i\u015flemcisi bulunan bir bilgisayar iki adet i\u015flemcisi bulunan bir bilgisayara benzer. Asl\u0131nda, Stata\/MP, i\u015flemciler (CPU&#8217;lar) ve \u00e7ekirdekler aras\u0131nda bir fark g\u00f6zetmez; 64 \u00e7ekirde\u011fe kadar olan sistemleri &#8211; ister tek \u00e7ekirdekli (her CPU i\u00e7in bir adet), ister \u00e7ift \u00e7ekirdekli (her CPU i\u00e7in iki adet) veya \u00e7ok \u00e7ekirdekli (her CPU i\u00e7in \u00e7ok adet)\u00a0 olsun &#8211; kullanabilmek i\u00e7in tasarlanm\u0131\u015ft\u0131r.<\/strong><\/p>\n<p><strong>\u00dcreticilerin pek \u00e7o\u011fu \u00e7ok i\u015flemcili bilgisayarlar\u0131 sunucu (server) olarak satmaktad\u0131rlar.\u00a0 B\u00f6ylece, sizin se\u00e7iminiz, \u00e7ok \u00e7ekirdekli i\u015flemcili (CPU&#8217;lu) bir masa\u00fcst\u00fc veya diz\u00fcst\u00fc\u00a0 bilgisayar veya \u00e7ok i\u015flemcili bir sunucu, herbiri\u00a0 muhtemelen \u00e7ok \u00e7ekirdekli,\u00a0 sat\u0131n almakt\u0131r. Daha fazla i\u015flemcili\/\u00e7ekirdekli olmas\u0131n\u0131n anlam\u0131 Stata\/MP&#8217;nin daha h\u0131zl\u0131 \u00e7al\u0131\u015fmas\u0131d\u0131r.<\/strong><\/p>\n<p><strong>Hyperthreaded (i\u015f par\u00e7ac\u0131kl\u0131) teriminin de fark\u0131nda olunuz.\u00a0 Stata\/MP \u00e7oklu i\u015f par\u00e7ac\u0131kl\u0131 i\u015flemcilerde daha h\u0131zl\u0131 \u00e7al\u0131\u015f\u0131r ancak i\u015f par\u00e7ac\u0131\u011f\u0131 yerine tam \u00e7ekirdeklilerin oldu\u011fu\u00a0 kadar h\u0131zl\u0131 de\u011fildir.\u00a0 \u00c7oklu\u00a0i\u015f par\u00e7ac\u0131\u011f\u0131 bulunan i\u015flemciler Stata\/MP i\u00e7in uygundur. Ger\u00e7ek i\u015flemci say\u0131s\u0131 ise kritik olan fakt\u00f6rd\u00fcr.<\/strong><\/p>\n<p><strong>Hem Intel hem de AMD \u00e7ipleri (yongalar\u0131) Windows veya Linux ortamlar\u0131nda Stata\/MP i\u00e7in,\u00a0 Apple Silicon ve Intel \u00e7iplerinin her ikisi de\u00a0 mac OS ortam\u0131nda Stata\/MP i\u00e7in uygundur. Windows 7 den 10 ve daha yenisi veya Linux i\u015fletim sistemini veya macOS 10.12 veya daha yenisini Stata\/MP yi \u00e7al\u0131\u015ft\u0131rmak i\u00e7in kullanabilirsiniz.\u00a0<\/strong><\/p>\n<p><span style=\"color: #ff0000;\"><strong>Sat\u0131n ald\u0131\u011f\u0131n\u0131z sistemden ba\u011f\u0131ms\u0131z olarak, yapabilece\u011finiz en \u00f6nemli \u015fey, kullanmay\u0131 planlad\u0131\u011f\u0131n\u0131z en b\u00fcy\u00fck veri setinin b\u00fcy\u00fckl\u00fc\u011f\u00fcn\u00fcn 1,5 kat\u0131 kadar belle\u011finiz (RAM) oldu\u011fundan\u00a0 emin olmal\u0131s\u0131n\u0131z.<\/strong><\/span><\/p>\n","protected":false},"excerpt":{"rendered":"<p>Stata\/MP, \u00e7oklu i\u015flemci veya \u00e7ekirde\u011fe sahip bir bilgisayarda simetrik \u00e7oklu i\u015flem (SMP) yapabilen bir Stata \u00e7e\u015fididir. Stata\/MP lisanslar\u0131 bir platforma \u00f6zg\u00fcn de\u011fildir ve Stata\/MP, Stata&#8217;n\u0131n destekledi\u011fi t\u00fcm i\u015fletim sistemlerinde \u00e7al\u0131\u015f\u0131r: Windows (64-bit x86-64) macOS (Apple Silicon veta 64-bit Intel) Linux (64-bit x86-64) Bir bilgisayar\u0131n i\u015flemcisi genellikle merkezi i\u015flem birimi veya CPU olarak adland\u0131r\u0131l\u0131r. Bilgisayarlar\u0131n birden [&hellip;]<\/p>\n","protected":false},"author":1,"featured_media":0,"parent":0,"menu_order":0,"comment_status":"closed","ping_status":"closed","template":"","meta":{"footnotes":""},"class_list":["post-334","page","type-page","status-publish","hentry"],"_links":{"self":[{"href":"https:\/\/www.uytes.com.tr\/index.php\/wp-json\/wp\/v2\/pages\/334","targetHints":{"allow":["GET"]}}],"collection":[{"href":"https:\/\/www.uytes.com.tr\/index.php\/wp-json\/wp\/v2\/pages"}],"about":[{"href":"https:\/\/www.uytes.com.tr\/index.php\/wp-json\/wp\/v2\/types\/page"}],"author":[{"embeddable":true,"href":"https:\/\/www.uytes.com.tr\/index.php\/wp-json\/wp\/v2\/users\/1"}],"replies":[{"embeddable":true,"href":"https:\/\/www.uytes.com.tr\/index.php\/wp-json\/wp\/v2\/comments?post=334"}],"version-history":[{"count":1,"href":"https:\/\/www.uytes.com.tr\/index.php\/wp-json\/wp\/v2\/pages\/334\/revisions"}],"predecessor-version":[{"id":1836,"href":"https:\/\/www.uytes.com.tr\/index.php\/wp-json\/wp\/v2\/pages\/334\/revisions\/1836"}],"wp:attachment":[{"href":"https:\/\/www.uytes.com.tr\/index.php\/wp-json\/wp\/v2\/media?parent=334"}],"curies":[{"name":"wp","href":"https:\/\/api.w.org\/{rel}","templated":true}]}}