{"id":3913,"date":"2024-05-13T11:08:19","date_gmt":"2024-05-13T08:08:19","guid":{"rendered":"https:\/\/www.uytes.com.tr\/?page_id=3913"},"modified":"2024-05-21T15:59:00","modified_gmt":"2024-05-21T12:59:00","slug":"statanow","status":"publish","type":"page","link":"https:\/\/www.uytes.com.tr\/index.php\/statanow\/","title":{"rendered":"StataNow\u2122"},"content":{"rendered":"\n<h1 class=\"wp-block-heading has-text-align-center has-large-font-size\"><strong>StataNow<\/strong><sup>\u2122<\/sup><\/h1>\n\n\n\n<div style=\"height:10px\" aria-hidden=\"true\" class=\"wp-block-spacer\"><\/div>\n\n\n\n<p class=\"has-text-align-center\"><strong>Geli\u015ftirme s\u00fcrecinde do\u011frudan size. StataNow ile her zaman en yeni \u00f6zelliklere sahip olursunuz.<\/strong><\/p>\n\n\n\n<div style=\"height:10px\" aria-hidden=\"true\" class=\"wp-block-spacer\"><\/div>\n\n\n\n<div class=\"wp-block-buttons is-content-justification-center is-layout-flex wp-container-core-buttons-is-layout-16018d1d wp-block-buttons-is-layout-flex\">\n<div class=\"wp-block-button is-style-outline is-style-outline--1\"><a class=\"wp-block-button__link has-white-color has-vivid-cyan-blue-background-color has-text-color has-background has-link-color has-text-align-center wp-element-button\" href=\"https:\/\/www.stata.com\/statanow\/#howto\" style=\"border-radius:0px\"><strong>StataNow nas\u0131l edinilir<\/strong><\/a><\/div>\n\n\n\n<div class=\"wp-block-button is-style-outline is-style-outline--2\"><a class=\"wp-block-button__link has-white-color has-black-background-color has-text-color has-background has-link-color wp-element-button\" href=\"https:\/\/www.stata.com\/new-in-stata\/features\/#statanow\" style=\"border-radius:0px\">StataNow \u00f6zellikleri<\/a><\/div>\n<\/div>\n\n\n\n<div style=\"height:30px\" aria-hidden=\"true\" class=\"wp-block-spacer\"><\/div>\n\n\n\n<h2 class=\"wp-block-heading\" style=\"font-size:25px;font-style:normal;font-weight:400\"><strong>StataNow<\/strong> nedir? <\/h2>\n\n\n\n<div style=\"height:15px\" aria-hidden=\"true\" class=\"wp-block-spacer\"><\/div>\n\n\n\n<p><strong>Her \u015feyden \u00f6nce StataNow, Stata&#8217;d\u0131r. Yeni \u00f6zellikleri haz\u0131r olur olmaz sunan, Stata&#8217;n\u0131n s\u00fcrekli yay\u0131nlanan bir versiyonudur. StataNow, kullan\u0131c\u0131lar\u0131m\u0131za en iyi Stata&#8217;y\u0131 (en g\u00fcncel Stata) sunmak i\u00e7in s\u00fcregelen \u00e7abalar\u0131m\u0131z\u0131n bir sonucudur.<\/strong><\/p>\n\n\n\n<p><strong>StataNow&#8217;dan \u00f6nce, yeni \u00f6zelliklerin \u00e7o\u011fu yaln\u0131zca Stata 17, Stata 18 ve benzeri versiyonlar yay\u0131nland\u0131\u011f\u0131nda mevcuttu. StataNow yeni \u00f6zelliklere daha erken eri\u015fim sa\u011flar. \u00d6rne\u011fin StataNow, gelecekteki versiyon Stata 19&#8217;un da par\u00e7as\u0131 olacak \u00f6zellikleri i\u00e7eriyor.<\/strong><\/p>\n\n\n\n<p><a href=\"https:\/\/www.stata.com\/new-in-stata\/features\/#statanow\"><strong>StataNow \u00f6zelliklerine bak\u0131n \u2192<\/strong><\/a><\/p>\n\n\n\n<p><strong>StataNow&#8217;daki \u00f6zellikler tamamen test edilmi\u015ftir, tamamen sertifikal\u0131d\u0131r, iyi bir \u015fekilde belgelenmi\u015ftir, <a href=\"https:\/\/www.stata.com\/features\/overview\/integrated-version-control\/\">versiyon kontroll\u00fcd\u00fcr<\/a> (gerekirse) ve ayn\u0131 zamanda geleneksel y\u00fcksek kalitemize g\u00f6re cilalanm\u0131\u015ft\u0131r. Bu \u00f6zelliklere, kullan\u0131c\u0131lar\u0131n bunlardan hemen yararlanabilmesi i\u00e7in, haz\u0131r olduklar\u0131 anda kullan\u0131ma sunulmak \u00fczere geli\u015ftirme d\u00f6ng\u00fcs\u00fcnde \u00f6ncelik verilir. Her zaman oldu\u011fu gibi, Stata&#8217;n\u0131n t\u00fcm versiyonlar\u0131 d\u00fczenli olarak her t\u00fcrl\u00fc d\u00fczeltme ve gerekli iyile\u015ftirmelerle g\u00fcncellenmektedir. Stata 18&#8217;i piyasaya s\u00fcrd\u00fc\u011f\u00fcm\u00fczden bu yana <a href=\"https:\/\/www.stata.com\/new-in-stata\/features\/\">Stata ve StataNow&#8217;a yap\u0131lan t\u00fcm eklemelerin listesini<\/a> g\u00f6r\u00fcnt\u00fcleyebilirsiniz.<\/strong><\/p>\n\n\n\n<p><strong>StataNow&#8217;daki yeni \u00f6zellikler mevcut versiyon boyunca bir sonraki versiyona kadar s\u00fcrekli olarak yay\u0131nlan\u0131r. \u00d6nceden belirlenmi\u015f herhangi bir programa g\u00f6re yay\u0131nlanmazlar. T\u00fcm StataNow \u00f6zellikleri, Stata web sitesinde ve <a href=\"https:\/\/www.stata.com\/features\/documentation\/\">Stata dok\u00fcmantasyonunda <\/a>bu \u015fekilde i\u015faretlenmi\u015ftir.<\/strong><\/p>\n\n\n\n<p><strong>StataNow, Stata oldu\u011fundan, web sitemizde ve dok\u00fcmantasyonumuzda &#8220;Stata&#8221; dedi\u011fimizde ayn\u0131 zamanda &#8220;StataNow&#8221;\u0131 da kastediyoruz. Yaln\u0131zca StataNow&#8217;da mevcut olan \u00f6zellikler i\u00e7in StataNow hakk\u0131nda spesifik bilgiler verece\u011fiz. StataNow, Stata oldu\u011fundan t\u00fcm s\u00fcr\u00fcmlerde (StataNow\/MP, StataNow\/SE ve StataNow\/BE) ve desteklenen t\u00fcm platformlarda (Windows, Mac ve Linux) mevcuttur. Web sitesi ve dok\u00fcmantasyon boyunca, basitlik a\u00e7\u0131s\u0131ndan genellikle sadece Stata\/MP, Stata\/SE ve Stata\/BE&#8217;ye at\u0131fta bulunaca\u011f\u0131z. A\u015fa\u011f\u0131da a\u00e7\u0131kland\u0131\u011f\u0131 gibi bir StataNow lisans\u0131n\u0131z varsa, bunu StataNow\/MP, StataNow\/SE veya StataNow\/BE olarak anlayabilirsiniz.<\/strong><\/p>\n\n\n\n<div style=\"height:25px\" aria-hidden=\"true\" class=\"wp-block-spacer\"><\/div>\n\n\n\n<p class=\"has-black-color has-text-color has-link-color wp-elements-06eb8c98dc5cfcd5fb58b761c1f9e529\" style=\"font-size:25px;font-style:normal;font-weight:500\"><strong>StataNow&#8217;\u0131 <\/strong>nas\u0131l edinebilirim?<\/p>\n\n\n\n<p><strong>Y\u0131ll\u0131k lisans\u0131n\u0131z veya \u00e7oklu y\u0131ll\u0131k lisans\u0131n\u0131z olup olmad\u0131\u011f\u0131na veya kurumunuzun site lisans\u0131na sahip olup olmad\u0131\u011f\u0131na bak\u0131lmaks\u0131z\u0131n t\u00fcm y\u0131ll\u0131k lisans sahipleri StataNow&#8217;a eri\u015febilir. En yeni StataNow \u00f6zelliklerine, Komut penceresine <mark style=\"background-color:rgba(0, 0, 0, 0)\" class=\"has-inline-color has-vivid-red-color\">update all <\/mark>yazarak veya sistem y\u00f6neticinizden Stata&#8217;n\u0131z\u0131 g\u00fcncellemesini isteyerek eri\u015febilirsiniz. Mevcut Stata 18 kullan\u0131c\u0131lar\u0131n\u0131n update komutunu iki kez yazmalar\u0131 gerekebilir. \u0130lk g\u00fcncelleme size kendisini StataNow&#8217;a nas\u0131l g\u00fcncelleyece\u011fini bilen bir Stata verecektir. \u0130kinci g\u00fcncelleme ise StataNow olacak. Daha sonra t\u00fcm \u00f6zelliklerin listesini g\u00f6rmek i\u00e7in <mark style=\"background-color:rgba(0, 0, 0, 0)\" class=\"has-inline-color has-vivid-red-color\">help Whatsnew <\/mark>yaz\u0131n.<\/strong><\/p>\n\n\n\n<p><strong>Yeni kullan\u0131c\u0131lar StataNow sipari\u015fi vermek i\u00e7in bize ba\u015fvurabilirler.<\/strong><\/p>\n\n\n\n<p><strong><a href=\"https:\/\/www.uytes.com.tr\/index.php\/iletisim\/\">StataNow sipari\u015fi verin &#8212;&gt;<\/a><\/strong><\/p>\n\n\n\n<p><strong>Lisans\u0131n\u0131z\u0131n bak\u0131m\u0131 g\u00fcncelse StataNow i\u00e7in yeni indirme ve lisans bilgileri almak \u00fczere l\u00fctfen bizimle ileti\u015fime ge\u00e7in.<\/strong><\/p>\n\n\n\n<p><a href=\"https:\/\/www.stata.com\/customer-service\/statanow\/\"><strong>StataNow&#8217;\u0131 talep edin \u2192<\/strong><\/a><\/p>\n\n\n\n<p><strong>Bak\u0131m\u0131n\u0131z\u0131n g\u00fcncel olmad\u0131\u011f\u0131 daimi bir lisans\u0131n\u0131z varsa veya bak\u0131m ya da lisans\u0131n\u0131z\u0131n s\u00fcresi dolmu\u015fsa se\u00e7enekleriniz i\u00e7in bizimle ileti\u015fime ge\u00e7in.<\/strong><\/p>\n\n\n\n<p><a href=\"https:\/\/www.uytes.com.tr\/index.php\/iletisim\/\"><strong>Bize ula\u015f\u0131n \u2192<\/strong><\/a><\/p>\n\n\n\n<div style=\"height:25px\" aria-hidden=\"true\" class=\"wp-block-spacer\"><\/div>\n\n\n\n<h2 class=\"wp-block-heading has-black-color has-text-color has-link-color wp-elements-a908ff430e9438b56eb944443d51b9ae\" style=\"font-size:25px;font-style:normal;font-weight:500\">Halihaz\u0131rda<strong> StataNow&#8217;a <\/strong>sahip olup olmad\u0131\u011f\u0131m\u0131 nas\u0131l anlar\u0131m?<\/h2>\n\n\n\n<p><br><strong>Stata&#8217;y\u0131 ba\u015flatt\u0131\u011f\u0131n\u0131zda a\u00e7\u0131l\u0131\u015f ekran\u0131nda StataNow&#8217;\u0131 g\u00f6receksiniz. Ayr\u0131ca about yazd\u0131\u011f\u0131n\u0131zda ilk sat\u0131rda StataNow&#8217;\u0131 g\u00f6receksiniz.<\/strong><\/p>\n\n\n\n<div style=\"height:25px\" aria-hidden=\"true\" class=\"wp-block-spacer\"><\/div>\n\n\n\n<h2 class=\"wp-block-heading has-black-color has-text-color has-link-color wp-elements-1385622d912b3c2eeebd8c5a539e69b8\" style=\"font-size:25px;font-style:normal;font-weight:500\"><strong>StataNow&#8217;da <\/strong>yeni \u00f6zellikleri almaya nas\u0131l devam edebilirim?<\/h2>\n\n\n\n<p><br><strong>StataNow&#8217;a s\u00fcrekli olarak yeni \u00f6zellikler ekliyoruz. Bu \u00f6zelliklere eri\u015fmek i\u00e7in sizin (veya sistem y\u00f6neticinizin) tek yapman\u0131z gereken, StataNow&#8217;daki Komut penceresine <mark style=\"background-color:rgba(0, 0, 0, 0)\" class=\"has-inline-color has-vivid-red-color\">update all<\/mark> yazman\u0131zd\u0131r. Daha sonra t\u00fcm \u00f6zelliklerin kronolojik listesini g\u00f6rmek i\u00e7in <mark style=\"background-color:rgba(0, 0, 0, 0)\" class=\"has-inline-color has-vivid-red-color\">help Whatsnew<\/mark> yaz\u0131n.<\/strong><\/p>\n\n\n\n<p><strong>Hen\u00fcz StataNow&#8217;\u0131n\u0131z yok mu? StataNow&#8217;\u0131 nas\u0131l edinece\u011finize bak\u0131n?<\/strong><\/p>\n","protected":false},"excerpt":{"rendered":"<p>StataNow\u2122 Geli\u015ftirme s\u00fcrecinde do\u011frudan size. StataNow ile her zaman en yeni \u00f6zelliklere sahip olursunuz. StataNow nedir? Her \u015feyden \u00f6nce StataNow, Stata&#8217;d\u0131r. Yeni \u00f6zellikleri haz\u0131r olur olmaz sunan, Stata&#8217;n\u0131n s\u00fcrekli yay\u0131nlanan bir versiyonudur. StataNow, kullan\u0131c\u0131lar\u0131m\u0131za en iyi Stata&#8217;y\u0131 (en g\u00fcncel Stata) sunmak i\u00e7in s\u00fcregelen \u00e7abalar\u0131m\u0131z\u0131n bir sonucudur. StataNow&#8217;dan \u00f6nce, yeni \u00f6zelliklerin \u00e7o\u011fu yaln\u0131zca Stata 17, Stata [&hellip;]<\/p>\n","protected":false},"author":1,"featured_media":0,"parent":0,"menu_order":0,"comment_status":"closed","ping_status":"closed","template":"","meta":{"footnotes":""},"class_list":["post-3913","page","type-page","status-publish","hentry"],"_links":{"self":[{"href":"https:\/\/www.uytes.com.tr\/index.php\/wp-json\/wp\/v2\/pages\/3913","targetHints":{"allow":["GET"]}}],"collection":[{"href":"https:\/\/www.uytes.com.tr\/index.php\/wp-json\/wp\/v2\/pages"}],"about":[{"href":"https:\/\/www.uytes.com.tr\/index.php\/wp-json\/wp\/v2\/types\/page"}],"author":[{"embeddable":true,"href":"https:\/\/www.uytes.com.tr\/index.php\/wp-json\/wp\/v2\/users\/1"}],"replies":[{"embeddable":true,"href":"https:\/\/www.uytes.com.tr\/index.php\/wp-json\/wp\/v2\/comments?post=3913"}],"version-history":[{"count":25,"href":"https:\/\/www.uytes.com.tr\/index.php\/wp-json\/wp\/v2\/pages\/3913\/revisions"}],"predecessor-version":[{"id":3974,"href":"https:\/\/www.uytes.com.tr\/index.php\/wp-json\/wp\/v2\/pages\/3913\/revisions\/3974"}],"wp:attachment":[{"href":"https:\/\/www.uytes.com.tr\/index.php\/wp-json\/wp\/v2\/media?parent=3913"}],"curies":[{"name":"wp","href":"https:\/\/api.w.org\/{rel}","templated":true}]}}