{"id":4324,"date":"2025-05-10T02:37:36","date_gmt":"2025-05-09T23:37:36","guid":{"rendered":"https:\/\/www.uytes.com.tr\/?page_id=4324"},"modified":"2025-09-16T16:35:43","modified_gmt":"2025-09-16T13:35:43","slug":"stata-19","status":"publish","type":"page","link":"https:\/\/www.uytes.com.tr\/index.php\/stata-19\/","title":{"rendered":"Stata 19"},"content":{"rendered":"\n<div class=\"wp-block-columns is-layout-flex wp-container-core-columns-is-layout-9d6595d7 wp-block-columns-is-layout-flex\">\n<div class=\"wp-block-column is-layout-flow wp-block-column-is-layout-flow\">\n<h2 class=\"wp-block-heading has-large-font-size\" style=\"font-style:normal;font-weight:400\">Veri bilimi i\u00e7in komple istatistiksel bir yaz\u0131l\u0131m<\/h2>\n\n\n\n<div style=\"height:10px\" aria-hidden=\"true\" class=\"wp-block-spacer\"><\/div>\n\n\n\n<p style=\"font-size:15px;font-style:normal;font-weight:100;letter-spacing:1px\"><strong>Stata, yeniden \u00fcretilebilir veri analizi i\u00e7in ihtiya\u00e7 duydu\u011funuz her \u015feyi (g\u00fc\u00e7l\u00fc istatistikler, g\u00f6rselle\u015ftirme, veri i\u015fleme ve otomatik raporlama) tek bir sezgisel platformda sunar.<\/strong><\/p>\n\n\n\n<div class=\"wp-block-buttons is-layout-flex wp-block-buttons-is-layout-flex\">\n<div class=\"wp-block-button has-custom-width wp-block-button__width-50\"><a class=\"wp-block-button__link has-white-color has-text-color has-background has-link-color has-custom-font-size wp-element-button\" style=\"border-radius:25px;background-color:#2821e7;font-size:20px\">Stata sipari\u015fi verin<\/a><\/div>\n\n\n\n<div class=\"wp-block-button has-custom-width wp-block-button__width-50 is-style-outline is-style-outline--1\"><a class=\"wp-block-button__link has-white-background-color has-text-color has-background has-link-color has-medium-font-size has-custom-font-size wp-element-button\" style=\"border-radius:12px;color:#2821e7\">Platformu ke\u015ffedin<\/a><\/div>\n<\/div>\n<\/div>\n\n\n\n<div class=\"wp-block-column is-layout-flow wp-block-column-is-layout-flow\">\n<figure class=\"wp-block-image size-full\"><img loading=\"lazy\" decoding=\"async\" width=\"1224\" height=\"714\" src=\"https:\/\/www.uytes.com.tr\/wp-content\/uploads\/2025\/05\/hero2025-2.png\" alt=\"\" class=\"wp-image-4331\" srcset=\"https:\/\/www.uytes.com.tr\/wp-content\/uploads\/2025\/05\/hero2025-2.png 1224w, https:\/\/www.uytes.com.tr\/wp-content\/uploads\/2025\/05\/hero2025-2-300x175.png 300w, https:\/\/www.uytes.com.tr\/wp-content\/uploads\/2025\/05\/hero2025-2-1024x597.png 1024w, https:\/\/www.uytes.com.tr\/wp-content\/uploads\/2025\/05\/hero2025-2-768x448.png 768w\" sizes=\"auto, (max-width: 1224px) 100vw, 1224px\" \/><\/figure>\n<\/div>\n<\/div>\n\n\n\n<h1 class=\"wp-block-heading has-text-align-center has-medium-font-size\"><\/h1>\n\n\n\n<div class=\"wp-block-group\"><div class=\"wp-block-group__inner-container is-layout-constrained wp-block-group-is-layout-constrained\">\n<h2 class=\"wp-block-heading\" style=\"font-size:30px;font-style:normal;font-weight:400\"><\/h2>\n<\/div><\/div>\n\n\n\n<div class=\"wp-block-group has-white-color has-vivid-cyan-blue-background-color has-text-color has-background has-link-color wp-elements-5801c12eb101350283d1c782130b7fb3 is-nowrap is-layout-flex wp-container-core-group-is-layout-ad2f72ca wp-block-group-is-layout-flex\">\n<div class=\"wp-block-columns is-layout-flex wp-container-core-columns-is-layout-9d6595d7 wp-block-columns-is-layout-flex\">\n<div class=\"wp-block-column is-layout-flow wp-block-column-is-layout-flow\" style=\"flex-basis:100%\">\n<p class=\"has-text-align-center\" style=\"font-size:30px;font-style:normal;font-weight:400\">   Stata 19&#8217;u Tan\u0131t\u0131yoruz<\/p>\n\n\n\n<p class=\"has-text-align-center\" style=\"font-size:15px;font-style:normal;font-weight:100;letter-spacing:1px\">    <strong>H2O, CATE ve HDFE arac\u0131l\u0131\u011f\u0131yla makine \u00f6\u011frenimi gibi bir\u00e7ok yeni   istatistiksel \u00f6zellik, daha g\u00fc\u00e7l\u00fc tablolar ve grafikler ve aray\u00fczde yap\u0131lan iyile\u015ftirmeler de dahil olmak \u00fczere en son geli\u015fmeleri deneyimleyin.<\/strong><\/p>\n\n\n\n<div class=\"wp-block-buttons is-content-justification-center is-layout-flex wp-container-core-buttons-is-layout-16018d1d wp-block-buttons-is-layout-flex\">\n<div class=\"wp-block-button is-style-outline is-style-outline--2\"><a class=\"wp-block-button__link has-black-color has-pale-cyan-blue-background-color has-text-color has-background has-link-color has-medium-font-size has-custom-font-size wp-element-button\" style=\"border-radius:0px;font-style:normal;font-weight:400\">Yeniliklere bak\u0131n<\/a><\/div>\n<\/div>\n<\/div>\n<\/div>\n\n\n\n<hr class=\"wp-block-separator has-alpha-channel-opacity\"\/>\n\n\n\n<div class=\"wp-block-group is-nowrap is-layout-flex wp-container-core-group-is-layout-ad2f72ca wp-block-group-is-layout-flex\">\n<figure class=\"wp-block-image size-large\"><img loading=\"lazy\" decoding=\"async\" width=\"1024\" height=\"598\" src=\"http:\/\/www.uytes.com.tr\/wp-content\/uploads\/2025\/05\/stata19-collage-1024x598.png\" alt=\"\" class=\"wp-image-4358\" style=\"aspect-ratio:4\/3;object-fit:cover\" srcset=\"https:\/\/www.uytes.com.tr\/wp-content\/uploads\/2025\/05\/stata19-collage-1024x598.png 1024w, https:\/\/www.uytes.com.tr\/wp-content\/uploads\/2025\/05\/stata19-collage-300x175.png 300w, https:\/\/www.uytes.com.tr\/wp-content\/uploads\/2025\/05\/stata19-collage-768x449.png 768w, https:\/\/www.uytes.com.tr\/wp-content\/uploads\/2025\/05\/stata19-collage.png 1184w\" sizes=\"auto, (max-width: 1024px) 100vw, 1024px\" \/><\/figure>\n<\/div>\n<\/div>\n\n\n\n<div style=\"height:9px\" aria-hidden=\"true\" class=\"wp-block-spacer\"><\/div>\n\n\n\n<p style=\"font-size:30px;font-style:normal;font-weight:400\"><\/p>\n\n\n\n<div class=\"wp-block-media-text is-stacked-on-mobile has-white-color has-black-background-color has-text-color has-background has-link-color wp-elements-006138499da33ef062822ba81aa46dba\" style=\"grid-template-columns:40% auto\"><figure class=\"wp-block-media-text__media\"><video controls src=\"https:\/\/www.stata.com\/includes\/images\/statanow.mp4\"><\/video><\/figure><div class=\"wp-block-media-text__content\">\n<p style=\"font-size:30px\">StataNow da Yeni Ne var ..<\/p>\n\n\n\n<p class=\"has-small-font-size\">StataNow, haz\u0131r olur olmaz daha fazla yeni \u00f6zellik sunan Stata&#8217;n\u0131n s\u00fcrekli yay\u0131nlanan bir s\u00fcr\u00fcm\u00fcd\u00fcr.<\/p>\n<\/div><\/div>\n\n\n\n<div style=\"height:8px\" aria-hidden=\"true\" class=\"wp-block-spacer\"><\/div>\n\n\n\n<div style=\"height:20px\" aria-hidden=\"true\" class=\"wp-block-spacer\"><\/div>\n\n\n\n<div style=\"height:0px\" aria-hidden=\"true\" class=\"wp-block-spacer\"><\/div>\n\n\n\n<p class=\"has-text-align-center\" style=\"font-size:25px;font-style:normal;font-weight:400\">Tek platform.  \u0130htiyac\u0131n\u0131z olan t\u00fcm ara\u00e7lar.<\/p>\n\n\n\n<p class=\"has-text-align-center has-black-color has-text-color has-link-color wp-elements-06cf07347981d100ea2f9210e2ebacb6\" style=\"font-size:14px;font-style:normal;font-weight:600\">Hi\u00e7bir ek mod\u00fcl veya gizli maliyet yok. Stata, yeniden \u00fcretilebilir istatistiksel analiz, sezgisel veri g\u00f6rselle\u015ftirme, etkili veri y\u00f6netimi ve otomatik raporlama i\u00e7in eksiksiz bir ara\u00e7 paketi sunar.<\/p>\n\n\n\n<div class=\"wp-block-buttons is-content-justification-center is-layout-flex wp-container-core-buttons-is-layout-16018d1d wp-block-buttons-is-layout-flex\">\n<div class=\"wp-block-button is-style-fill\"><a class=\"wp-block-button__link has-white-color has-text-color has-background has-link-color has-custom-font-size wp-element-button\" href=\"https:\/\/www.stata.com\/features\/\" style=\"background-color:#163ed1de;font-size:14px;font-style:normal;font-weight:400\">\u0130statistikler<\/a><\/div>\n\n\n\n<div class=\"wp-block-button is-style-fill\"><a class=\"wp-block-button__link has-white-color has-text-color has-background has-link-color has-custom-font-size wp-element-button\" href=\"https:\/\/www.stata.com\/features\/publication-quality-graphics\/\" style=\"background-color:#163ed1de;font-size:14px;font-style:normal;font-weight:400\">G\u00f6rselle\u015ftirme<\/a><\/div>\n\n\n\n<div class=\"wp-block-button is-style-fill\"><a class=\"wp-block-button__link has-white-color has-text-color has-background has-link-color has-custom-font-size wp-element-button\" href=\"https:\/\/www.stata.com\/features\/data-management\/\" style=\"background-color:#163ed1de;font-size:14px;font-style:normal;font-weight:400\">Veri Y\u00f6netimi<\/a><\/div>\n\n\n\n<div class=\"wp-block-button is-style-fill\"><a class=\"wp-block-button__link has-white-color has-text-color has-background has-link-color has-custom-font-size wp-element-button\" href=\"https:\/\/www.stata.com\/features\/reporting\/\" style=\"background-color:#163ed1de;font-size:14px;font-style:normal;font-weight:400\">Raporlama<\/a><\/div>\n<\/div>\n\n\n\n<div style=\"height:15px\" aria-hidden=\"true\" class=\"wp-block-spacer\"><\/div>\n\n\n\n<div style=\"height:3px\" aria-hidden=\"true\" class=\"wp-block-spacer\"><\/div>\n\n\n\n<p class=\"has-black-color has-text-color has-link-color wp-elements-7f9a4d04bdef8d9e64da23afcfa514a9\" style=\"font-size:14px;font-style:normal;font-weight:600\"><strong>\u0130statistiksel \u00f6zellikler<\/strong><br>Stata&#8217;n\u0131n istatistiksel \u00f6zellikleri, \u00e7ok \u00e7e\u015fitli ara\u015ft\u0131rma sorular\u0131n\u0131 yan\u0131tlaman\u0131za olanak tan\u0131r. Do\u011frusal ve lojistik regresyondan zaman serisi ve panel veri analizlerine, sa\u011fkal\u0131m modellerine, nedensel \u00e7\u0131kar\u0131ma, Bayes analizine ve makine \u00f6\u011frenimine kadar, modelleri uyumlu hale getirebilir, varsay\u0131mlar\u0131 de\u011ferlendirebilir, \u00e7\u0131kar\u0131mlarda bulunabilir ve sonu\u00e7lar\u0131 g\u00fcvenle yorumlayabilirsiniz.<\/p>\n\n\n\n<p class=\"has-text-color has-link-color wp-elements-4c61fbca065f3fb1e23c2e3d0782ba71\" style=\"color:#163ed1de;font-size:14px;font-style:normal;font-weight:600\"><a href=\"https:\/\/www.stata.com\/features\/\">\u0130statistiksel \u00f6zelliklerini ke\u015ffedin \u2192<\/a><\/p>\n\n\n\n<p class=\"has-black-color has-text-color has-link-color wp-elements-eded6a91ff25b8f9267674696c6b5937\" style=\"font-size:14px;font-style:normal;font-weight:600\"><strong>Yay\u0131n kalitesinde grafikler<\/strong><br>\u00d6zelle\u015ftirilebilir d\u00fczenler, etiketler ve renklerle yay\u0131n kalitesinde grafikler olu\u015fturun. EPS, PNG, PDF, SVG veya TIFF formatlar\u0131na sorunsuz bir \u015fekilde aktar\u0131n, b\u00f6ylece g\u00f6rselleri raporlara ve sunumlara kolayca entegre edin.<\/p>\n\n\n\n<p class=\"has-text-color has-link-color wp-elements-1db9ffd8cbe742907ed1d93d1124ffee\" style=\"color:#163ed1de;font-size:14px;font-style:normal;font-weight:600\"><a href=\"https:\/\/www.stata.com\/features\/publication-quality-graphics\/\">G\u00f6rselle\u015ftirme \u00f6zelliklerini ke\u015ffedin \u2192<\/a><\/p>\n\n\n\n<p class=\"has-black-color has-text-color has-link-color wp-elements-fc08de0ba2a39d2690566128cff123e1\" style=\"font-size:14px;font-style:normal;font-weight:600\"><strong>Verilerinizi g\u00fcvenle haz\u0131rlay\u0131n<\/strong><br>Verilerinizi kolayca temizleyin, yeniden \u015fekillendirin ve y\u00f6netin. Stata&#8217;n\u0131n ara\u00e7lar\u0131, b\u00fcy\u00fck veri k\u00fcmelerini, eksik de\u011ferleri, birle\u015ftirmeleri ve zaman serisi yap\u0131lar\u0131n\u0131 y\u00f6neterek verilerinizi yaln\u0131zca birka\u00e7 komut kullanarak analize haz\u0131rlaman\u0131za yard\u0131mc\u0131 olur.<\/p>\n\n\n\n<p class=\"has-text-color has-link-color wp-elements-297bf27d349c3a318a83a4de8e69566b\" style=\"color:#163ed1de;font-size:14px;font-style:normal;font-weight:600\"><a href=\"https:\/\/www.stata.com\/features\/data-management\/\">Veri y\u00f6netimi ara\u00e7lar\u0131na g\u00f6z at\u0131n \u2192<\/a><\/p>\n\n\n\n<p class=\"has-black-color has-text-color has-link-color wp-elements-98e2a590476b8459c220d71a9d3dd9fb\" style=\"font-size:14px;font-style:normal;font-weight:600\"><strong>Otomatik raporlama<\/strong><br>Word, Excel, PDF ve HTML&#8217;e sorunsuz aktar\u0131mlarla rapor olu\u015fturmay\u0131 otomatikle\u015ftirin. Verileriniz de\u011fi\u015ftik\u00e7e g\u00fcncellenen \u00f6zelle\u015ftirilebilir tablolar ve dinamik raporlar olu\u015fturun; \u015feffafl\u0131k ve yeniden \u00fcretilebilirlik sa\u011flay\u0131n.<\/p>\n\n\n\n<p class=\"has-text-color has-link-color wp-elements-a7831113dcadca00a47b50dad257f165\" style=\"color:#163ed1de;font-size:14px;font-style:normal;font-weight:600\"><a href=\"https:\/\/www.stata.com\/features\/reporting\/\">Raporlaman\u0131z\u0131 otomatikle\u015ftirin \u2192<\/a><\/p>\n\n\n\n<div style=\"height:20px\" aria-hidden=\"true\" class=\"wp-block-spacer\"><\/div>\n\n\n\n<p class=\"has-text-align-center\" style=\"font-size:30px;font-style:normal;font-weight:400\">40 y\u0131l\u0131 a\u015fk\u0131n s\u00fcredir ara\u015ft\u0131rmac\u0131lar taraf\u0131ndan g\u00fcveniliyor<\/p>\n\n\n\n<p style=\"font-size:15px;font-style:normal;font-weight:400\"><strong>D\u00fcnya \u00e7ap\u0131nda analistler, ara\u015ft\u0131rmac\u0131lar ve akademisyenler do\u011fru, tekrarlanabilir sonu\u00e7lar ve kusursuz i\u015f ak\u0131\u015flar\u0131 i\u00e7in Stata&#8217;ya g\u00fcveniyor.<\/strong><\/p>\n\n\n\n<div style=\"height:1px\" aria-hidden=\"true\" class=\"wp-block-spacer\"><\/div>\n\n\n\n<div class=\"wp-block-columns is-layout-flex wp-container-core-columns-is-layout-9d6595d7 wp-block-columns-is-layout-flex\">\n<div class=\"wp-block-column is-layout-flow wp-block-column-is-layout-flow\">\n<p><\/p>\n\n\n\n<p style=\"font-size:30px;font-style:normal;font-weight:400\">Ara\u015ft\u0131rman\u0131z i\u00e7in do\u011fru ara\u00e7lar\u0131 bulun<\/p>\n\n\n\n<p class=\"has-black-color has-text-color has-link-color wp-elements-81f4acc3dfba4d06d5a9e901349bce59\" style=\"font-size:15px;font-style:normal;font-weight:600\">Stata, farkl\u0131 disiplinlerdeki ara\u015ft\u0131rmac\u0131lar i\u00e7in tasarlanm\u0131\u015ft\u0131r ve alan\u0131n\u0131z\u0131n benzersiz ihtiya\u00e7lar\u0131na g\u00f6re uyarlanm\u0131\u015f g\u00fc\u00e7l\u00fc ve esnek ara\u00e7lar sunar.<\/p>\n<\/div>\n\n\n\n<div class=\"wp-block-column is-layout-flow wp-block-column-is-layout-flow\">\n<div class=\"wp-block-columns is-layout-flex wp-container-core-columns-is-layout-9d6595d7 wp-block-columns-is-layout-flex\">\n<div class=\"wp-block-column has-text-color has-link-color wp-elements-14932726b1539f26ff4a64b42b8ae6f2 is-layout-flow wp-block-column-is-layout-flow\" style=\"color:#163ed1de;flex-basis:70%\">\n<figure class=\"wp-block-table is-style-stripes\" style=\"font-size:10px;font-style:normal;font-weight:600\"><table class=\"has-black-color has-text-color has-link-color has-fixed-layout\"><tbody><tr><td><a href=\"https:\/\/www.stata.com\/disciplines\/behavioral-sciences\/\">Davran\u0131\u015f bilimleri<\/a><\/td><td><a href=\"https:\/\/www.stata.com\/disciplines\/institutional-research\/\">Kurumsal ara\u015ft\u0131rma<\/a><\/td><\/tr><tr><td><a href=\"https:\/\/www.stata.com\/disciplines\/biostatistics\/\">Biyoistatistikler<\/a><\/td><td><a href=\"https:\/\/www.stata.com\/disciplines\/medicine\/\">T\u0131bbi ara\u015ft\u0131rma<\/a><\/td><\/tr><tr><td><a href=\"https:\/\/www.stata.com\/disciplines\/data-science\/\">Veri bilimi<\/a><\/td><td><a href=\"https:\/\/www.stata.com\/disciplines\/political-science\/\">Siyaset bilimi<\/a><\/td><\/tr><tr><td><a href=\"https:\/\/www.stata.com\/disciplines\/economics\/\">Ekonomi<\/a><\/td><td><a href=\"https:\/\/www.stata.com\/disciplines\/public-health\/\">Halk sa\u011fl\u0131\u011f\u0131<\/a><\/td><\/tr><tr><td><a href=\"https:\/\/www.stata.com\/disciplines\/education\/\">\u00d6\u011fretim<\/a><\/td><td><a href=\"https:\/\/www.stata.com\/disciplines\/public-policy\/\">Kamu politikas\u0131<\/a><\/td><\/tr><tr><td><a href=\"https:\/\/www.stata.com\/disciplines\/epidemiology\/\">Epidemiyoloji<\/a><\/td><td><a href=\"https:\/\/www.stata.com\/disciplines\/sociology\/\">Sosyoloji<\/a><\/td><\/tr><tr><td><a href=\"https:\/\/www.stata.com\/disciplines\/finance-business-and-marketing\/\">Finans, i\u015f, ve pazarlama<\/a><\/td><td><a href=\"https:\/\/www.stata.com\/disciplines\/\">Ve \u00e7ok daha fazlas\u0131<\/a><\/td><\/tr><\/tbody><\/table><\/figure>\n<\/div>\n<\/div>\n<\/div>\n<\/div>\n\n\n\n<div style=\"height:25px\" aria-hidden=\"true\" class=\"wp-block-spacer\"><\/div>\n\n\n\n<p class=\"has-text-align-center\" style=\"font-size:30px;font-style:normal;font-weight:400\">Uzmanlardan \u00f6\u011frenin<\/p>\n\n\n\n<p class=\"has-text-align-center has-black-color has-text-color has-link-color wp-elements-ba3de484a606af644126d9f4331cd925\" style=\"font-size:15px;font-style:normal;font-weight:600\">Stata&#8217;ya yeni ba\u015fl\u0131yor olun veya becerilerinizi geli\u015ftirmek istiyor olun, e\u011fitim kaynaklar\u0131m\u0131z ve belgelerimiz Stata&#8217;da ustala\u015fman\u0131z\u0131 kolayla\u015ft\u0131r\u0131r.<\/p>\n\n\n\n<p><\/p>\n\n\n\n<div class=\"wp-block-columns is-layout-flex wp-container-core-columns-is-layout-9d6595d7 wp-block-columns-is-layout-flex\">\n<div class=\"wp-block-column is-layout-flow wp-block-column-is-layout-flow\">\n<figure class=\"wp-block-image size-large\"><img loading=\"lazy\" decoding=\"async\" width=\"1024\" height=\"576\" src=\"https:\/\/www.uytes.com.tr\/wp-content\/uploads\/2025\/05\/learn-train-1-1024x576.jpg\" alt=\"\" class=\"wp-image-4377\" srcset=\"https:\/\/www.uytes.com.tr\/wp-content\/uploads\/2025\/05\/learn-train-1-1024x576.jpg 1024w, https:\/\/www.uytes.com.tr\/wp-content\/uploads\/2025\/05\/learn-train-1-300x169.jpg 300w, https:\/\/www.uytes.com.tr\/wp-content\/uploads\/2025\/05\/learn-train-1-768x432.jpg 768w, https:\/\/www.uytes.com.tr\/wp-content\/uploads\/2025\/05\/learn-train-1-1536x864.jpg 1536w, https:\/\/www.uytes.com.tr\/wp-content\/uploads\/2025\/05\/learn-train-1-480x270.jpg 480w, https:\/\/www.uytes.com.tr\/wp-content\/uploads\/2025\/05\/learn-train-1.jpg 1920w\" sizes=\"auto, (max-width: 1024px) 100vw, 1024px\" \/><\/figure>\n\n\n\n<div style=\"height:1px\" aria-hidden=\"true\" class=\"wp-block-spacer\"><\/div>\n\n\n\n<p class=\"has-text-color has-link-color wp-elements-498cf81a53d798c48609e8245c4cec65\" style=\"color:#163ed1de;font-size:18px;font-style:normal;font-weight:600\"><strong><a href=\"https:\/\/www.stata.com\/learn\/\">E\u011fitim kaynaklar\u0131<\/a><\/strong><\/p>\n\n\n\n<p class=\"has-black-color has-text-color has-link-color wp-elements-7535263c2c3fc573fdba7111a1cf7a96\" style=\"font-size:14px;font-style:normal;font-weight:600\">\u00dccretsiz web seminerlerinden ve video e\u011fitimlerinden her programa uygun NetCourses&#8217;a ve canl\u0131 s\u0131n\u0131f veya web tabanl\u0131 e\u011fitimlere kadar, Stata&#8217;da uzmanla\u015fman\u0131n bir\u00e7ok yolu vard\u0131r.<\/p>\n<\/div>\n\n\n\n<div class=\"wp-block-column is-layout-flow wp-block-column-is-layout-flow\">\n<figure class=\"wp-block-image size-large\"><img loading=\"lazy\" decoding=\"async\" width=\"1024\" height=\"576\" src=\"https:\/\/www.uytes.com.tr\/wp-content\/uploads\/2025\/05\/learn-press-1-1024x576.jpg\" alt=\"\" class=\"wp-image-4379\" srcset=\"https:\/\/www.uytes.com.tr\/wp-content\/uploads\/2025\/05\/learn-press-1-1024x576.jpg 1024w, https:\/\/www.uytes.com.tr\/wp-content\/uploads\/2025\/05\/learn-press-1-300x169.jpg 300w, https:\/\/www.uytes.com.tr\/wp-content\/uploads\/2025\/05\/learn-press-1-768x432.jpg 768w, https:\/\/www.uytes.com.tr\/wp-content\/uploads\/2025\/05\/learn-press-1-1536x864.jpg 1536w, https:\/\/www.uytes.com.tr\/wp-content\/uploads\/2025\/05\/learn-press-1-480x270.jpg 480w, https:\/\/www.uytes.com.tr\/wp-content\/uploads\/2025\/05\/learn-press-1.jpg 1920w\" sizes=\"auto, (max-width: 1024px) 100vw, 1024px\" \/><\/figure>\n\n\n\n<div style=\"height:1px\" aria-hidden=\"true\" class=\"wp-block-spacer\"><\/div>\n\n\n\n<p class=\"has-text-color has-link-color wp-elements-3d98e8f52e4fff4964f7db0f0f53b6d0\" style=\"color:#163ed1de;font-size:18px;font-style:normal;font-weight:600\"><strong><a href=\"https:\/\/www.stata-press.com\/\">Stata Press<\/a><\/strong><\/p>\n\n\n\n<p class=\"has-black-color has-text-color has-link-color wp-elements-8be18d4c8ee5c055103ba3e664137c29\" style=\"font-size:14px;font-style:normal;font-weight:600\">Stata Press, t\u00fcm disiplinlerdeki profesyonel ara\u015ft\u0131rmac\u0131lar i\u00e7in Stata ve genel istatistik konular\u0131 hakk\u0131nda kitaplar, k\u0131lavuzlar ve dergiler yay\u0131nlamaktad\u0131r.<\/p>\n<\/div>\n\n\n\n<div class=\"wp-block-column is-layout-flow wp-block-column-is-layout-flow\">\n<figure class=\"wp-block-image size-large\"><img loading=\"lazy\" decoding=\"async\" width=\"1024\" height=\"576\" src=\"https:\/\/www.uytes.com.tr\/wp-content\/uploads\/2025\/05\/learn-docs-1-1024x576.jpg\" alt=\"\" class=\"wp-image-4380\" srcset=\"https:\/\/www.uytes.com.tr\/wp-content\/uploads\/2025\/05\/learn-docs-1-1024x576.jpg 1024w, https:\/\/www.uytes.com.tr\/wp-content\/uploads\/2025\/05\/learn-docs-1-300x169.jpg 300w, https:\/\/www.uytes.com.tr\/wp-content\/uploads\/2025\/05\/learn-docs-1-768x432.jpg 768w, https:\/\/www.uytes.com.tr\/wp-content\/uploads\/2025\/05\/learn-docs-1-1536x864.jpg 1536w, https:\/\/www.uytes.com.tr\/wp-content\/uploads\/2025\/05\/learn-docs-1-480x270.jpg 480w, https:\/\/www.uytes.com.tr\/wp-content\/uploads\/2025\/05\/learn-docs-1.jpg 1920w\" sizes=\"auto, (max-width: 1024px) 100vw, 1024px\" \/><\/figure>\n\n\n\n<div style=\"height:1px\" aria-hidden=\"true\" class=\"wp-block-spacer\"><\/div>\n\n\n\n<p class=\"has-text-color has-link-color wp-elements-767454e037f9fc776e19a89c6d20e5d0\" style=\"color:#163ed1de;font-size:18px;font-style:normal;font-weight:600\"><strong><a href=\"https:\/\/www.stata.com\/features\/documentation\/\">Dok\u00fcmantasyon<\/a><\/strong><\/p>\n\n\n\n<p class=\"has-black-color has-text-color has-link-color wp-elements-e4e59509fe5c24b6f7190d2832e86087\" style=\"font-size:14px;font-style:normal;font-weight:600\">Stata&#8217;n\u0131n dok\u00fcmantasyonu, form\u00fcller ve tam olarak \u00e7\u00f6z\u00fclm\u00fc\u015f \u00f6rnekler de dahil olmak \u00fczere Stata&#8217;daki her bir \u00f6zelli\u011fin ayr\u0131nt\u0131lar\u0131n\u0131 veren 19.000 sayfadan olu\u015fmaktad\u0131r.<\/p>\n<\/div>\n<\/div>\n\n\n\n<p><\/p>\n","protected":false},"excerpt":{"rendered":"<p>Veri bilimi i\u00e7in komple istatistiksel bir yaz\u0131l\u0131m Stata, yeniden \u00fcretilebilir veri analizi i\u00e7in ihtiya\u00e7 duydu\u011funuz her \u015feyi (g\u00fc\u00e7l\u00fc istatistikler, g\u00f6rselle\u015ftirme, veri i\u015fleme ve otomatik raporlama) tek bir sezgisel platformda sunar. Stata 19&#8217;u Tan\u0131t\u0131yoruz H2O, CATE ve HDFE arac\u0131l\u0131\u011f\u0131yla makine \u00f6\u011frenimi gibi bir\u00e7ok yeni istatistiksel \u00f6zellik, daha g\u00fc\u00e7l\u00fc tablolar ve grafikler ve aray\u00fczde yap\u0131lan iyile\u015ftirmeler de [&hellip;]<\/p>\n","protected":false},"author":1,"featured_media":0,"parent":0,"menu_order":0,"comment_status":"closed","ping_status":"closed","template":"","meta":{"footnotes":""},"class_list":["post-4324","page","type-page","status-publish","hentry"],"_links":{"self":[{"href":"https:\/\/www.uytes.com.tr\/index.php\/wp-json\/wp\/v2\/pages\/4324","targetHints":{"allow":["GET"]}}],"collection":[{"href":"https:\/\/www.uytes.com.tr\/index.php\/wp-json\/wp\/v2\/pages"}],"about":[{"href":"https:\/\/www.uytes.com.tr\/index.php\/wp-json\/wp\/v2\/types\/page"}],"author":[{"embeddable":true,"href":"https:\/\/www.uytes.com.tr\/index.php\/wp-json\/wp\/v2\/users\/1"}],"replies":[{"embeddable":true,"href":"https:\/\/www.uytes.com.tr\/index.php\/wp-json\/wp\/v2\/comments?post=4324"}],"version-history":[{"count":87,"href":"https:\/\/www.uytes.com.tr\/index.php\/wp-json\/wp\/v2\/pages\/4324\/revisions"}],"predecessor-version":[{"id":4584,"href":"https:\/\/www.uytes.com.tr\/index.php\/wp-json\/wp\/v2\/pages\/4324\/revisions\/4584"}],"wp:attachment":[{"href":"https:\/\/www.uytes.com.tr\/index.php\/wp-json\/wp\/v2\/media?parent=4324"}],"curies":[{"name":"wp","href":"https:\/\/api.w.org\/{rel}","templated":true}]}}