{"id":47,"date":"2016-07-24T12:41:25","date_gmt":"2016-07-24T09:41:25","guid":{"rendered":"http:\/\/www.uytes.com.tr\/wp\/?page_id=47"},"modified":"2026-02-09T23:55:02","modified_gmt":"2026-02-09T20:55:02","slug":"kurumsal","status":"publish","type":"page","link":"https:\/\/www.uytes.com.tr\/index.php\/kurumsal\/","title":{"rendered":"KURUMSAL"},"content":{"rendered":"<p style=\"text-align: center; font-size: 24px;\"><strong>KURUMSAL<\/strong><\/p>\n<p><em><strong>UYTES, 1990 y\u0131l\u0131ndan itibaren akademik \u00f6\u011fretim ve ara\u015ft\u0131rma ile i\u015f d\u00fcnyas\u0131n\u0131n \u00f6nemle ihtiya\u00e7 duydu\u011fu istatistiksel ve g\u00f6rsel veri analizleri, ekonometri, otomatik \u00f6ng\u00f6rme, matematik ile hesaplamal\u0131 kimya alanlar\u0131nda \u00f6nde gelen bir k\u0131s\u0131m uygulama yaz\u0131l\u0131mlar\u0131n\u0131n \u00fclkemizde sat\u0131\u015f, destek, e\u011fitim ve uygulama hizmetlerini y\u00fcr\u00fctmektedir.<\/strong><\/em><br \/>\n<em><strong>Merkez ofisimiz Ankara\u2019da olup, \u0130stanbul\u2019da bir irtibat b\u00fcromuz bulunmaktad\u0131r.<\/strong><\/em><\/p>\n","protected":false},"excerpt":{"rendered":"<p>KURUMSAL UYTES, 1990 y\u0131l\u0131ndan itibaren akademik \u00f6\u011fretim ve ara\u015ft\u0131rma ile i\u015f d\u00fcnyas\u0131n\u0131n \u00f6nemle ihtiya\u00e7 duydu\u011fu istatistiksel ve g\u00f6rsel veri analizleri, ekonometri, otomatik \u00f6ng\u00f6rme, matematik ile hesaplamal\u0131 kimya alanlar\u0131nda \u00f6nde gelen bir k\u0131s\u0131m uygulama yaz\u0131l\u0131mlar\u0131n\u0131n \u00fclkemizde sat\u0131\u015f, destek, e\u011fitim ve uygulama hizmetlerini y\u00fcr\u00fctmektedir. Merkez ofisimiz Ankara\u2019da olup, \u0130stanbul\u2019da bir irtibat b\u00fcromuz bulunmaktad\u0131r.<\/p>\n","protected":false},"author":1,"featured_media":0,"parent":0,"menu_order":0,"comment_status":"closed","ping_status":"closed","template":"","meta":{"footnotes":""},"class_list":["post-47","page","type-page","status-publish","hentry"],"_links":{"self":[{"href":"https:\/\/www.uytes.com.tr\/index.php\/wp-json\/wp\/v2\/pages\/47","targetHints":{"allow":["GET"]}}],"collection":[{"href":"https:\/\/www.uytes.com.tr\/index.php\/wp-json\/wp\/v2\/pages"}],"about":[{"href":"https:\/\/www.uytes.com.tr\/index.php\/wp-json\/wp\/v2\/types\/page"}],"author":[{"embeddable":true,"href":"https:\/\/www.uytes.com.tr\/index.php\/wp-json\/wp\/v2\/users\/1"}],"replies":[{"embeddable":true,"href":"https:\/\/www.uytes.com.tr\/index.php\/wp-json\/wp\/v2\/comments?post=47"}],"version-history":[{"count":3,"href":"https:\/\/www.uytes.com.tr\/index.php\/wp-json\/wp\/v2\/pages\/47\/revisions"}],"predecessor-version":[{"id":4828,"href":"https:\/\/www.uytes.com.tr\/index.php\/wp-json\/wp\/v2\/pages\/47\/revisions\/4828"}],"wp:attachment":[{"href":"https:\/\/www.uytes.com.tr\/index.php\/wp-json\/wp\/v2\/media?parent=47"}],"curies":[{"name":"wp","href":"https:\/\/api.w.org\/{rel}","templated":true}]}}