{"id":50,"date":"2016-07-24T12:41:46","date_gmt":"2016-07-24T09:41:46","guid":{"rendered":"http:\/\/www.uytes.com.tr\/wp\/?page_id=50"},"modified":"2024-05-17T14:39:46","modified_gmt":"2024-05-17T11:39:46","slug":"iletisim","status":"publish","type":"page","link":"https:\/\/www.uytes.com.tr\/index.php\/iletisim\/","title":{"rendered":"\u0130LET\u0130\u015e\u0130M"},"content":{"rendered":"\n<p class=\"has-text-align-center\"><span style=\"color: #ff0000;\"><strong>\u0130LET\u0130\u015e\u0130M B\u0130LG\u0130LER\u0130<\/strong><\/span><\/p>\n\n\n\n<p class=\"has-text-align-center\" style=\"font-size:25px\"><strong>Ankara Merkez:<\/strong><\/p>\n\n\n\n<p class=\"has-text-align-center\"><strong>B\u00fcy\u00fckesat Mahallesi, Koza 1 Caddesi 147 \u2013 5 \u00c7ankaya 06680 Ankara, T\u00fcrkiye<br><\/strong><\/p>\n\n\n\n<p class=\"has-text-align-center\"><strong><strong>Tel: +90 (0) 312 446 1866<\/strong><\/strong><\/p>\n\n\n\n<p class=\"has-text-align-center\"><strong>&nbsp;Mobil: +90 (0) 532 243 4773&nbsp;<\/strong><\/p>\n\n\n\n<p class=\"has-text-align-center\"><strong>Faks: +90 (0) 312 437 5804<\/strong><\/p>\n\n\n\n<p class=\"has-text-align-center\"><strong> Email: info@uytes.com.tr<br><\/strong><\/p>\n\n\n\n<p class=\"has-text-align-center\"><strong>Web: www.uytes.com.tr<\/strong><\/p>\n\n\n\n<div style=\"height:15px\" aria-hidden=\"true\" class=\"wp-block-spacer\"><\/div>\n\n\n\n<p class=\"has-text-align-center has-medium-font-size\"><strong>Ankara \u0130rtibat Ofisi:<\/strong><\/p>\n\n\n\n<p class=\"has-text-align-center\"><strong>Hilal Mahallesi, 696. Sokak No: 18 \/ 10&nbsp; \u00c7ankaya 06550 Ankara<\/strong><\/p>\n\n\n\n<div style=\"height:1px\" aria-hidden=\"true\" class=\"wp-block-spacer\"><\/div>\n\n\n\n<p class=\"has-text-align-center has-medium-font-size\"><strong>\u0130stanbul \u0130rtibat Ofisi: <\/strong><\/p>\n\n\n\n<p class=\"has-text-align-center\"><strong>Erenk\u00f6y Mahallesi, Kaz\u0131m Karabekir Pa\u015fa Sokak No: 6 \/ 20, Kad\u0131k\u00f6y 34738 \u0130stanbul<\/strong><br><strong>Tel: +90 (0) 216 355 13 65<\/strong><\/p>\n\n\n\n<p><\/p>\n","protected":false},"excerpt":{"rendered":"<p>\u0130LET\u0130\u015e\u0130M B\u0130LG\u0130LER\u0130 Ankara Merkez: B\u00fcy\u00fckesat Mahallesi, Koza 1 Caddesi 147 \u2013 5 \u00c7ankaya 06680 Ankara, T\u00fcrkiye Tel: +90 (0) 312 446 1866 &nbsp;Mobil: +90 (0) 532 243 4773&nbsp; Faks: +90 (0) 312 437 5804 Email: info@uytes.com.tr Web: www.uytes.com.tr Ankara \u0130rtibat Ofisi: Hilal Mahallesi, 696. Sokak No: 18 \/ 10&nbsp; \u00c7ankaya 06550 Ankara \u0130stanbul \u0130rtibat Ofisi: [&hellip;]<\/p>\n","protected":false},"author":1,"featured_media":0,"parent":0,"menu_order":0,"comment_status":"closed","ping_status":"closed","template":"","meta":{"footnotes":""},"class_list":["post-50","page","type-page","status-publish","hentry"],"_links":{"self":[{"href":"https:\/\/www.uytes.com.tr\/index.php\/wp-json\/wp\/v2\/pages\/50","targetHints":{"allow":["GET"]}}],"collection":[{"href":"https:\/\/www.uytes.com.tr\/index.php\/wp-json\/wp\/v2\/pages"}],"about":[{"href":"https:\/\/www.uytes.com.tr\/index.php\/wp-json\/wp\/v2\/types\/page"}],"author":[{"embeddable":true,"href":"https:\/\/www.uytes.com.tr\/index.php\/wp-json\/wp\/v2\/users\/1"}],"replies":[{"embeddable":true,"href":"https:\/\/www.uytes.com.tr\/index.php\/wp-json\/wp\/v2\/comments?post=50"}],"version-history":[{"count":10,"href":"https:\/\/www.uytes.com.tr\/index.php\/wp-json\/wp\/v2\/pages\/50\/revisions"}],"predecessor-version":[{"id":3961,"href":"https:\/\/www.uytes.com.tr\/index.php\/wp-json\/wp\/v2\/pages\/50\/revisions\/3961"}],"wp:attachment":[{"href":"https:\/\/www.uytes.com.tr\/index.php\/wp-json\/wp\/v2\/media?parent=50"}],"curies":[{"name":"wp","href":"https:\/\/api.w.org\/{rel}","templated":true}]}}