{"id":702,"date":"2019-09-04T22:52:18","date_gmt":"2019-09-04T19:52:18","guid":{"rendered":"http:\/\/www.uytes.com.tr\/wp\/?page_id=702"},"modified":"2026-04-13T12:25:16","modified_gmt":"2026-04-13T09:25:16","slug":"stata-web-seminerleri","status":"publish","type":"page","link":"https:\/\/www.uytes.com.tr\/index.php\/stata-web-seminerleri\/","title":{"rendered":"Stata Web Seminerleri"},"content":{"rendered":"\r\n<p><strong>Web seminerlerine kat\u0131l\u0131m \u00fccretsizdir ancak kat\u0131l\u0131m i\u00e7in kay\u0131t yapt\u0131rman\u0131z gerekmektedir. Kat\u0131lmak istedi\u011finiz seminerin linkine t\u0131klayarak kay\u0131t yapt\u0131rabilirsiniz.<\/strong> <strong>Seminerin ba\u015flama saatinden \u00f6nce size web seminerine nas\u0131l kat\u0131laca\u011f\u0131n\u0131z\u0131 belirten talimatlar\u0131 i\u00e7eren bir email g\u00f6nderilecektir.\u00a0 \u00a0Kat\u0131l\u0131m i\u00e7in Adobe Connect eri\u015fiminizin olmas\u0131 gerekmektedir.<\/strong> <strong>Bu f\u0131rsat\u0131 ka\u00e7\u0131rmay\u0131n.<\/strong><\/p>\r\n<div>\r\n<h2 class=\"regular\"><strong><a href=\"https:\/\/www.stata.com\/training\/webinar\/bayesian-estimation-with-bayesmh\/\">Bayesian estimation with bayesmh<\/a><\/strong><\/h2>\r\n<strong>Bu web semineri, Stata&#8217;n\u0131n <span style=\"color: #ff0000;\">bayesmh<\/span> komutunu kullanarak Bayes analizine pratik bir giri\u015f sunmaktad\u0131r; \u00f6zellikle kullan\u0131c\u0131 tan\u0131ml\u0131 olas\u0131l\u0131k fonksiyonlar\u0131 ve \u00f6zel \u00f6nsel da\u011f\u0131l\u0131mlar gerektiren uygulamalara odaklanmaktad\u0131r. Standart \u00f6n ek komutlar\u0131 yayg\u0131n modeller i\u00e7in verimlilik sa\u011flarken, <span style=\"color: #ff0000;\">bayesmh<\/span> \u00f6zelle\u015ftirilmi\u015f Bayes modellerinin uygulanmas\u0131n\u0131 m\u00fcmk\u00fcn k\u0131lar. Bu komut daha fazla model esnekli\u011fi sa\u011flad\u0131\u011f\u0131 i\u00e7in do\u011fal olarak daha karma\u015f\u0131k bir s\u00f6zdizimi gerektirir. Bu web semineri, t\u00fcm s\u00fcrecin kapsaml\u0131 ve ad\u0131m ad\u0131m bir a\u00e7\u0131klamas\u0131n\u0131 sunmaktad\u0131r.<\/strong> <strong>\u00c7e\u015fitli uygulamal\u0131 \u00f6rnekler kullanarak, standart olmayan olas\u0131l\u0131k fonksiyonlar\u0131n\u0131n tan\u0131mlanmas\u0131, \u00f6nsel da\u011f\u0131l\u0131mlar\u0131n belirlenmesi ve Metropolis-Hastings yak\u0131nsamas\u0131n\u0131n de\u011ferlendirilmesinin mekani\u011fini ele alaca\u011f\u0131m. Bu oturum, uygulay\u0131c\u0131lar\u0131n kendi \u00f6zel ara\u015ft\u0131rma hedeflerine g\u00f6re uyarlanm\u0131\u015f Bayes tahminini ger\u00e7ekle\u015ftirmeleri i\u00e7in kapsaml\u0131 bir \u00e7er\u00e7eve sunmaktad\u0131r.<\/strong><\/div>\r\n<div>\u00a0<\/div>\r\n<div><strong>Sunan: Yaojin Sun<\/strong><\/div>\r\n<div>\u00a0<\/div>\r\n<div>\u00a0<img loading=\"lazy\" decoding=\"async\" class=\"alignnone wp-image-4857\" src=\"https:\/\/www.uytes.com.tr\/wp-content\/uploads\/2026\/03\/yas-300x296.jpg\" alt=\"\" width=\"224\" height=\"221\" srcset=\"https:\/\/www.uytes.com.tr\/wp-content\/uploads\/2026\/03\/yas-300x296.jpg 300w, https:\/\/www.uytes.com.tr\/wp-content\/uploads\/2026\/03\/yas-1024x1010.jpg 1024w, https:\/\/www.uytes.com.tr\/wp-content\/uploads\/2026\/03\/yas-768x757.jpg 768w, https:\/\/www.uytes.com.tr\/wp-content\/uploads\/2026\/03\/yas-1536x1515.jpg 1536w, https:\/\/www.uytes.com.tr\/wp-content\/uploads\/2026\/03\/yas-2048x2020.jpg 2048w\" sizes=\"auto, (max-width: 224px) 100vw, 224px\" \/><\/div>\r\n<div><strong>K\u0131demli \u0130statistik\u00e7i ve Yaz\u0131l\u0131m Geli\u015ftirici<\/strong><\/div>\r\n<div>\u00a0<\/div>\r\n<div><strong>Yaojin Sun, Tennessee \u00dcniversitesi&#8217;nden y\u00f6netim bilimleri (analitik alan) doktoras\u0131na sahip k\u0131demli bir istatistik\u00e7i ve yaz\u0131l\u0131m geli\u015ftiricisidir. Ba\u015fl\u0131ca ara\u015ft\u0131rma ilgi alanlar\u0131 aras\u0131nda makine \u00f6\u011frenmesi modelleri, istatistiksel model se\u00e7imi ve bilgi kriteri teorisi yer almaktad\u0131r. Stata&#8217;da, Bayes\u00e7i bootstrap, Bayes\u00e7i model ortalamas\u0131 ve di\u011fer ilgili Bayes\u00e7i modelleme \u00f6zelliklerinin temel geli\u015ftiricilerindendir.<\/strong><\/div>\r\n<div>\u00a0<\/div>\r\n<div><strong><input name=\"001) session\" required=\"\" type=\"radio\" value=\"26 September 2019, 11:00 AM\" \/> 28 Nisan 2026, Saat 20:00 (5:00 PM UTC)<\/strong>\r\n<div id=\"webinar_details\" class=\"limiter\"><strong>Son kay\u0131t tarihi<span class=\"smallfont\">: 26 Nisan 2026<\/span><\/strong><\/div>\r\n<div>\u00a0<\/div>\r\n<div class=\"limiter\"><a href=\"https:\/\/www.stata.com\/training\/webinar\/bayesian-estimation-with-bayesmh\/\"><strong>\u015eimdi k<\/strong><strong>ay\u0131t yapt\u0131r\u0131n \u00bb<\/strong><\/a><\/div>\r\n<div>\u00a0<\/div>\r\n<\/div>\r\n<div>\r\n<div>\r\n<div id=\"webinar_details\" class=\"limiter\">\r\n<div>\r\n<h2 class=\"wp-block-heading\"><a href=\"https:\/\/www.stata.com\/training\/webinar\/tips-and-tricks\/\"><strong>Tips and tricks<\/strong><\/a><\/h2>\r\n<p id=\"webinar_header\"><strong>Stata&#8217;n\u0131n gizli (pek de gizli olmasa da) m\u00fccevherlerinden baz\u0131lar\u0131n\u0131 ke\u015ffedin. Bu webinarda yaz\u0131l\u0131m geli\u015ftiricilerimizin favorisi bir k\u0131s\u0131m \u00f6zellikleri sizinle payla\u015f\u0131yoruz. A\u015fa\u011f\u0131da ipu\u00e7lar\u0131n\u0131\u00a0 g\u00f6rebilirsiniz:<\/strong><\/p>\r\n<ul class=\"wp-block-list\">\r\n<li style=\"list-style-type: none;\">\r\n<ul class=\"wp-block-list\">\r\n<li><strong>\u00dc\u00e7 yollu etiketler<\/strong><\/li>\r\n<\/ul>\r\n<\/li>\r\n<\/ul>\r\n<ul class=\"wp-block-list\">\r\n<li style=\"list-style-type: none;\">\r\n<ul class=\"wp-block-list\">\r\n<li><strong>Graph Recorder kullanarak grafikleri standartla\u015ft\u0131rma<\/strong><\/li>\r\n<\/ul>\r\n<\/li>\r\n<\/ul>\r\n<ul class=\"wp-block-list\">\r\n<li style=\"list-style-type: none;\">\r\n<ul class=\"wp-block-list\">\r\n<li><strong>Modeli uydurdunuz, peki \u015fimdi?<\/strong><\/li>\r\n<\/ul>\r\n<\/li>\r\n<\/ul>\r\n<ul class=\"wp-block-list\">\r\n<li style=\"list-style-type: none;\">\r\n<ul class=\"wp-block-list\">\r\n<li><strong>Modelinizi yorumlama ve anlama\u00a0\u00a0<\/strong><\/li>\r\n<\/ul>\r\n<\/li>\r\n<\/ul>\r\n<ul class=\"wp-block-list\">\r\n<li style=\"list-style-type: none;\">\r\n<ul class=\"wp-block-list\">\r\n<li><strong>Etkile\u015fimli kullan\u0131m\u0131 tekrar \u00fcretilebilen sonu\u00e7lara d\u00f6n\u00fc\u015ft\u00fcrme\u00a0<\/strong><\/li>\r\n<\/ul>\r\n<\/li>\r\n<\/ul>\r\n<ul class=\"wp-block-list\">\r\n<li style=\"list-style-type: none;\">\r\n<ul class=\"wp-block-list\">\r\n<li><strong>Word ile \u00e7al\u0131\u015fma<\/strong><\/li>\r\n<\/ul>\r\n<\/li>\r\n<\/ul>\r\n<strong>Bu bir saatlik webinara kat\u0131larak Stata&#8217;y\u0131 daha verimli ve daha etkin kullanabilmek i\u00e7in kendi etkile\u015fimlerinizi yapabilirsiniz.\u00a0<\/strong><\/div>\r\n<div>\u00a0<\/div>\r\n<div>\r\n<div><strong><input name=\"001) session\" required=\"\" type=\"radio\" value=\"26 September 2019, 11:00 AM\" \/> 19 May\u0131s 2026, Saat\u00a0 18:00 (3:00 PM UTC)<\/strong><\/div>\r\n<div><strong>Son kay\u0131t tarihi: 17 May\u0131s 2026<\/strong><\/div>\r\n<\/div>\r\n<\/div>\r\n<\/div>\r\n<div>\u00a0<\/div>\r\n<div>\r\n<div><strong><input name=\"001) session\" required=\"\" type=\"radio\" value=\"26 September 2019, 11:00 AM\" \/> 14 Temmuz 2026, Saat\u00a0 19:00 (4:00 PM UTC)<\/strong><\/div>\r\n<div><strong>Son kay\u0131t tarihi: 12 Temmuz 2026<\/strong><\/div>\r\n<\/div>\r\n<div>\r\n<div id=\"webinar_details\" class=\"limiter\">\r\n<div>\u00a0<\/div>\r\n<div><a href=\"https:\/\/www.stata.com\/training\/webinar\/tips-and-tricks\/\"><strong>\u015eimdi kay\u0131t yapt\u0131r\u0131n \u00bb<\/strong><\/a><\/div>\r\n<\/div>\r\n<\/div>\r\n<\/div>\r\n<div>\u00a0<\/div>\r\n<div>\r\n<div id=\"webinar_details\" class=\"limiter\">\r\n<div class=\"leftbox\">\r\n<div class=\"padme\">\r\n<div class=\"limiter\">\r\n<div>\r\n<div id=\"webinar_details\" class=\"limiter\">\r\n<h2 class=\"wp-block-heading\"><strong><a href=\"https:\/\/www.stata.com\/training\/webinar\/ready-set-go-stata\/\">Ready. Set. Go Stata.<\/a><\/strong><\/h2>\r\n<ul class=\"wp-block-list\">\r\n<li style=\"list-style-type: none;\">\r\n<ul class=\"wp-block-list\">\r\n<li><strong>Stata&#8217;ya nas\u0131l veri girerim?<\/strong><\/li>\r\n<\/ul>\r\n<\/li>\r\n<\/ul>\r\n<ul class=\"wp-block-list\">\r\n<li style=\"list-style-type: none;\">\r\n<ul class=\"wp-block-list\">\r\n<li><strong>Veri i\u015fleme\u00a0 ve temizleme i\u00e7in hangi ara\u00e7lar bulunmaktad\u0131r?<\/strong><\/li>\r\n<\/ul>\r\n<\/li>\r\n<\/ul>\r\n<ul class=\"wp-block-list\">\r\n<li style=\"list-style-type: none;\">\r\n<ul class=\"wp-block-list\">\r\n<li><strong>Sa\u00e7\u0131l\u0131m grafikleri, histogramlar\u00a0 ve di\u011fer grafikleri nas\u0131l olu\u015fturup \u00f6zelle\u015ftirebilirim?<\/strong><\/li>\r\n<\/ul>\r\n<\/li>\r\n<\/ul>\r\n<ul class=\"wp-block-list\">\r\n<li style=\"list-style-type: none;\">\r\n<ul class=\"wp-block-list\">\r\n<li><strong>Bir modeli nas\u0131l oturtabilir ve sonu\u00e7lar\u0131 grafikleyebilirim?<\/strong><\/li>\r\n<\/ul>\r\n<\/li>\r\n<\/ul>\r\n<ul class=\"wp-block-list\">\r\n<li style=\"list-style-type: none;\">\r\n<ul class=\"wp-block-list\">\r\n<li><strong>Stata \u00f6\u011frenmek i\u00e7in kaynaklar\u0131 nas\u0131l bulabilirim?<\/strong><\/li>\r\n<\/ul>\r\n<\/li>\r\n<\/ul>\r\n<div id=\"webinar_details\" class=\"limiter\">\r\n<div id=\"webinar_details\" class=\"limiter\">\r\n<div>\r\n<div id=\"webinar_details\" class=\"limiter\">\r\n<div id=\"webinar_details\" class=\"limiter\">\r\n<div>\u00a0<\/div>\r\n<\/div>\r\n<\/div>\r\n<\/div>\r\n<\/div>\r\n<\/div>\r\n<\/div>\r\n<\/div>\r\n<div>\r\n<div id=\"webinar_details\" class=\"limiter\"><strong><input name=\"001) session\" required=\"\" type=\"radio\" value=\"26 September 2019, 11:00 AM\" \/> 28 May\u0131s 2026, Saat\u00a0 20:00 (5:00 PM UTC)<\/strong><\/div>\r\n<div class=\"limiter\"><strong>Son kay\u0131t tarihi: 7 Nisan 2026<\/strong><\/div>\r\n<\/div>\r\n<\/div>\r\n<\/div>\r\n<\/div>\r\n<\/div>\r\n<div>\u00a0<\/div>\r\n<div>\r\n<div id=\"webinar_details\" class=\"limiter\"><strong><input name=\"001) session\" required=\"\" type=\"radio\" value=\"26 September 2019, 11:00 AM\" \/> 1 Temmuz 2026, Saat\u00a0 21:00 (6:00 PM UTC)<\/strong><\/div>\r\n<div class=\"limiter\"><strong>Son kay\u0131t tarihi: 29 Haziran 2026<\/strong><\/div>\r\n<\/div>\r\n<div id=\"webinar_details\" class=\"limiter\">\r\n<div class=\"leftbox\">\r\n<div class=\"padme\">\r\n<div class=\"limiter\">\r\n<div>\r\n<div>\u00a0<\/div>\r\n<div class=\"limiter\"><a href=\"https:\/\/www.stata.com\/training\/webinar\/ready-set-go-stata\/\"><strong>\u015eimdi kay\u0131t yapt\u0131r\u0131n \u00bb<\/strong><\/a><\/div>\r\n<\/div>\r\n<\/div>\r\n<\/div>\r\n<\/div>\r\n<\/div>\r\n<\/div>\r\n<div>\r\n<div>\r\n<div id=\"webinar_details\" class=\"limiter\">\r\n<div>\u00a0<\/div>\r\n<\/div>\r\n<\/div>\r\n<\/div>\r\n<div>\r\n<div class=\"limiter\">\r\n<h2 class=\"regular\"><a href=\"https:\/\/www.stata.com\/training\/webinar\/intro-to-stata-programming\/\"><strong>Introduction to Stata programming<\/strong><\/a><\/h2>\r\n<strong>Stata&#8217;da programlama, veri analizinizi daha verimli, tekrarlanabilir ve \u00f6l\u00e7eklenebilir hale getirebilir. Bu web semineri, temel komut y\u00fcr\u00fctmenin \u00f6tesine ge\u00e7mek isteyen ara\u015ft\u0131rmac\u0131lar i\u00e7in Stata&#8217;n\u0131n betik ve matris dillerini kullanman\u0131n temel ara\u00e7lar\u0131n\u0131 tan\u0131tmaktad\u0131r. \u00d6nceden kodlama deneyimi gerekmez.<\/strong> <strong>Oturum, tekrarlayan g\u00f6revleri otomatikle\u015ftirmek i\u00e7in do-dosyalar\u0131 yazman\u0131n ve \u00f6zel programlar tan\u0131mlaman\u0131n mekani\u011fini inceler. Ek olarak, Stata&#8217;n\u0131n y\u00fcksek performansl\u0131 matris programlama dili olan Mata&#8217;ya bir giri\u015f yap\u0131yoruz ve analitik yeteneklerinizi nas\u0131l geni\u015fletti\u011fini tart\u0131\u015f\u0131yoruz.<\/strong><\/div>\r\n<div>\u00a0<\/div>\r\n<div><strong style=\"text-transform: capitalize;\">Sunan: Dr. Hua Peng<\/strong><\/div>\r\n<div>\u00a0<\/div>\r\n<div class=\"limiter\">\r\n<h3 class=\"wp-block-heading\" style=\"text-transform: capitalize;\"><strong><img loading=\"lazy\" decoding=\"async\" class=\"alignnone wp-image-4274\" src=\"http:\/\/www.uytes.com.tr\/wp-content\/uploads\/2025\/02\/Hua-Peng-300x300.jpg\" alt=\"\" width=\"226\" height=\"226\" srcset=\"https:\/\/www.uytes.com.tr\/wp-content\/uploads\/2025\/02\/Hua-Peng-300x300.jpg 300w, https:\/\/www.uytes.com.tr\/wp-content\/uploads\/2025\/02\/Hua-Peng-1024x1024.jpg 1024w, https:\/\/www.uytes.com.tr\/wp-content\/uploads\/2025\/02\/Hua-Peng-150x150.jpg 150w, https:\/\/www.uytes.com.tr\/wp-content\/uploads\/2025\/02\/Hua-Peng-768x768.jpg 768w, https:\/\/www.uytes.com.tr\/wp-content\/uploads\/2025\/02\/Hua-Peng-1536x1536.jpg 1536w, https:\/\/www.uytes.com.tr\/wp-content\/uploads\/2025\/02\/Hua-Peng-2048x2048.jpg 2048w\" sizes=\"auto, (max-width: 226px) 100vw, 226px\" \/><\/strong><\/h3>\r\n<strong>Yaz\u0131l\u0131m M\u00fchendisli\u011fi ve Veri Bilimi Direkt\u00f6r\u00fc<\/strong><\/div>\r\n<div>\u00a0<\/div>\r\n<div class=\"limiter\"><strong>Dr. Hua Peng, StataCorp LLC&#8217;de Yaz\u0131l\u0131m M\u00fchendisli\u011fi ve Veri Bilimi Direkt\u00f6r\u00fcd\u00fcr. 20 y\u0131l\u0131 a\u015fk\u0131n s\u00fcredir Stata&#8217;da \u00e7al\u0131\u015fmaktad\u0131r ve Stata\/MP&#8217;nin ba\u015f mimar\u0131 ve geli\u015ftiricisidir. Brandeis \u00dcniversitesi&#8217;nden matematik alan\u0131nda doktora derecesine <\/strong><strong>sahiptir.<\/strong><\/div>\r\n<div>\u00a0<\/div>\r\n<div class=\"limiter\">\r\n<div><strong><input name=\"001) session\" required=\"\" type=\"radio\" value=\"26 September 2019, 11:00 AM\" \/> 9 Haziran 2026, Saat 19:00 (4:00 PM UTC))<\/strong><\/div>\r\n<div><strong>Son kay\u0131t tarihi: 7 Haziran 2026<\/strong><\/div>\r\n<div>\u00a0<\/div>\r\n<div><strong><a href=\"https:\/\/www.stata.com\/training\/webinar\/intro-to-stata-programming\/\">\u015eimdi kay\u0131t yapt\u0131r\u0131n<\/a><\/strong><\/div>\r\n<\/div>\r\n<\/div>\r\n<div>\u00a0<\/div>\r\n<div>\r\n<h2 class=\"wp-block-heading\"><a href=\"https:\/\/www.stata.com\/training\/webinar\/survival-analysis-with-interval-censored-data\/\"><strong>Survival analysis with interval-censored data<\/strong><\/a><\/h2>\r\n\r\n\r\n\r\n\r\n\r\n<p><strong>Modellemek istedi\u011finiz olay-zaman verileriniz var ancak olaylar\u0131n tam olarak ne zaman meydana geldi\u011finden emin de\u011filsiniz mi?<\/strong><\/p>\r\n\r\n\r\n\r\n<p><strong>Hayatta kalma analizinde, ilgi duyulan olay her zaman tam olarak g\u00f6zlemlenmedi\u011finde ancak belirli bir zaman aral\u0131\u011f\u0131nda meydana geldi\u011fi bilindi\u011finde, aral\u0131kl\u0131 sans\u00fcrl\u00fc olay-zaman verileri ortaya \u00e7\u0131kar. Stata 17, bu t\u00fcr veriler i\u00e7in ger\u00e7ek yar\u0131 parametrik Cox modellerine uymas\u0131 i\u00e7in <span style=\"color: #ff0000;\">stintcox<\/span> komutunu tan\u0131tt\u0131 ve Stata 18, zamanla de\u011fi\u015fen yard\u0131mc\u0131 de\u011fi\u015fkenler (TVC&#8217;ler) i\u00e7in destek ekleyerek yeteneklerini geni\u015fletti. Bunun \u00fczerine Stata 19, farkl\u0131 olay t\u00fcrlerindeki olay zamanlar\u0131 aras\u0131ndaki olas\u0131 korelasyonlar\u0131 hesaba katarak aral\u0131kl\u0131 sans\u00fcrl\u00fc \u00e7oklu olay verilerinin modellenmesini sa\u011flayan yeni <span style=\"color: #ff0000;\">stmgintcox <\/span>komutunu tan\u0131tt\u0131.<\/strong><\/p>\r\n\r\n\r\n\r\n<p><strong>Bu web seminerinde, aral\u0131kl\u0131 sans\u00fcrl\u00fc verilerin temel t\u00fcrlerini a\u00e7\u0131klayacak ve <span style=\"color: #ff0000;\">stintcox<\/span>\u00a0komutunu kullanarak yar\u0131 parametrik Cox orant\u0131l\u0131 tehlikeler modelinin nas\u0131l uygulanaca\u011f\u0131n\u0131 g\u00f6sterece\u011fiz. Hem tek kay\u0131t hem de \u00e7ok kay\u0131t-konu-ba\u015f\u0131na-konu veri k\u00fcmelerini kullanarak \u00f6rnekler sunaca\u011f\u0131z ve TVC&#8217;lerin nas\u0131l dahil edilece\u011fini g\u00f6sterece\u011fiz. Ek olarak, sonu\u00e7lar\u0131n nas\u0131l yorumlanaca\u011f\u0131n\u0131 ve \u00e7izilece\u011fini ve orant\u0131l\u0131-tehlikeler varsay\u0131m\u0131n\u0131n nas\u0131l de\u011ferlendirilece\u011fini tart\u0131\u015faca\u011f\u0131z. Son olarak, marjinal bir Cox orant\u0131l\u0131 tehlikeler modelinin aral\u0131kl\u0131 sans\u00fcrl\u00fc \u00e7oklu-olay verilerine nas\u0131l uydurulaca\u011f\u0131n\u0131 ve t\u00fcm olaylarda ortak kovaryant etkileri i\u00e7in daha g\u00fc\u00e7l\u00fc bir testin nas\u0131l ger\u00e7ekle\u015ftirilece\u011fini g\u00f6sterece\u011fiz.<\/strong><\/p>\r\n\r\n\r\n\r\n<p>\u00a0<strong>Sunan: Xiao Yang<\/strong><\/p>\r\n<p><img loading=\"lazy\" decoding=\"async\" class=\"alignnone  wp-image-3855\" src=\"https:\/\/www.uytes.com.tr\/wp-content\/uploads\/2024\/05\/XiaoYang-300x300.jpg\" alt=\"\" width=\"230\" height=\"230\" srcset=\"https:\/\/www.uytes.com.tr\/wp-content\/uploads\/2024\/05\/XiaoYang-300x300.jpg 300w, https:\/\/www.uytes.com.tr\/wp-content\/uploads\/2024\/05\/XiaoYang-1024x1024.jpg 1024w, https:\/\/www.uytes.com.tr\/wp-content\/uploads\/2024\/05\/XiaoYang-150x150.jpg 150w, https:\/\/www.uytes.com.tr\/wp-content\/uploads\/2024\/05\/XiaoYang-768x768.jpg 768w, https:\/\/www.uytes.com.tr\/wp-content\/uploads\/2024\/05\/XiaoYang-1536x1536.jpg 1536w, https:\/\/www.uytes.com.tr\/wp-content\/uploads\/2024\/05\/XiaoYang-2048x2048.jpg 2048w\" sizes=\"auto, (max-width: 230px) 100vw, 230px\" \/><\/p>\r\n\r\n\r\n\r\n\r\n\r\n\r\n\r\n<p><strong>Ba\u015f \u0130statistik\u00e7i ve Yaz\u0131l\u0131m Geli\u015ftirici<\/strong><\/p>\r\n\r\n\r\n\r\n<p><strong>Xiao, 2012&#8217;den beri Stata&#8217;y\u0131 geli\u015ftirmektedir. \u0130lgi alanlar\u0131 aras\u0131nda sa\u011fkal\u0131m analizi, uzunlamas\u0131na analiz, Bayes analizi ve \u00e7ok seviyeli kar\u0131\u015f\u0131k efekt modelleri yer almaktad\u0131r. \u00c7in Elektronik Bilimi ve Teknolojisi \u00dcniversitesi&#8217;nden bilgisayar bilimi alan\u0131nda lisans derecesi, G\u00fcneydo\u011fu Missouri Eyalet \u00dcniversitesi&#8217;nden matematik alan\u0131nda y\u00fcksek lisans derecesi ve Iowa \u00dcniversitesi&#8217;nden istatistik alan\u0131nda y\u00fcksek lisans derecesi vard\u0131r.<\/strong><\/p>\r\n\r\n\r\n\r\n<p><strong>7 Temmuz 2026, Saat 19:00 (4:00 PM UTC)<\/strong><br \/><strong>Son kay\u0131t tarihi: 5 Temmuz 2026<\/strong><\/p>\r\n\r\n\r\n\r\n<p><strong><a href=\"https:\/\/www.stata.com\/training\/webinar\/survival-analysis-with-interval-censored-data\/\">\u015eimdi kay\u0131t yapt\u0131r\u0131n<\/a><\/strong><\/p>\r\n<\/div>\r\n<div>\r\n<div class=\"limiter\">\r\n<div>\u00a0<\/div>\r\n<\/div>\r\n<\/div>\r\n<div>\r\n<div id=\"webinar_header\" class=\"limiter\">\r\n<h2><a href=\"https:\/\/www.stata.com\/training\/webinar\/intro-to-survey-statistics\/\"><strong>Introduction to survey statistics using Stata<\/strong><\/a><\/h2>\r\n<\/div>\r\n<div id=\"webinar_details\" class=\"limiter\">\r\n<div class=\"leftbox\">\r\n<p class=\"notop\"><strong>Bu webinar olas\u0131l\u0131k ve olas\u0131l\u0131k d\u0131\u015f\u0131 \u00f6rneklem alma ve de\u011fi\u015ftirmeli ve de\u011fi\u015ftirmesiz \u00f6rneklem alma kavramlar\u0131n\u0131 g\u00f6zden ge\u00e7irecektir. Ayr\u0131ca sonlu pop\u00fclasyon d\u00fczeltme fakt\u00f6r\u00fcn\u00fc tan\u0131tacakt\u0131r. Ana\u00a0 \u00f6rneklem tasar\u0131mlar\u0131n\u0131 tan\u0131tacak, \u00f6rneklem a\u011f\u0131rl\u0131klar\u0131n\u0131n nas\u0131l hesaplanaca\u011f\u0131n\u0131 a\u00e7\u0131klayacak ve \u00a0\u00f6rneklem tasar\u0131m\u0131n\u0131 a\u00e7\u0131klayan analizler i\u00e7in verileri haz\u0131rlamak \u00fczere Stata&#8217;n\u0131n <span style=\"color: #ff0000;\">svyset<\/span> komutunun nas\u0131l kullan\u0131laca\u011f\u0131n\u0131 anlataca\u011f\u0131z. Daha sonra da bu \u00f6zelliklere sahip verilerin nas\u0131l analiz edilece\u011fini g\u00f6sterece\u011fiz.<\/strong><\/p>\r\n<\/div>\r\n<p><strong>Sunan: Chuck Huber<\/strong><\/p>\r\n<p><img loading=\"lazy\" decoding=\"async\" class=\"alignnone\" src=\"https:\/\/www.stata.com\/training\/bios\/img\/jch.jpg\" alt=\"Chuck Huber portrait\" width=\"229\" height=\"229\" \/><\/p>\r\n<p><strong>\u0130statistiksel\u00a0 \u00c7al\u0131\u015fmalar Direkt\u00f6r\u00fc<\/strong><\/p>\r\n<\/div>\r\n<\/div>\r\n<p><strong>Chuck Huber, StataCorp LLC&#8217;de \u0130statistiksel \u00c7al\u0131\u015fmalar Direkt\u00f6r\u00fc ve Texas A&amp;M Halk Sa\u011fl\u0131\u011f\u0131 Okulu ile New York \u00dcniversitesi K\u00fcresel Halk Sa\u011fl\u0131\u011f\u0131 Okulu&#8217;nda Biyoistatistik B\u00f6l\u00fcm\u00fc&#8217;nde Yard\u0131mc\u0131 Do\u00e7enttir. Stata&#8217;n\u0131n yaz\u0131l\u0131m geli\u015ftiricilerinden olu\u015fan ekibiyle \u00e7al\u0131\u015fmas\u0131n\u0131n yan\u0131 s\u0131ra, Stata YouTube kanal\u0131 i\u00e7in e\u011fitim videolar\u0131 haz\u0131rlamakta, blog yaz\u0131lar\u0131 yazmakta, \u00e7evrimi\u00e7i NetCourses programlar\u0131 geli\u015ftirmekte ve konferanslarda ve \u00fcniversitelerde Stata hakk\u0131nda konu\u015fmalar yapmaktad\u0131r. Mevcut \u00e7al\u0131\u015fmalar\u0131n\u0131n \u00e7o\u011fu, davran\u0131\u015f ve sa\u011fl\u0131k bilimcileri taraf\u0131ndan kullan\u0131lan istatistiksel y\u00f6ntemlere odaklanm\u0131\u015ft\u0131r. N\u00f6roloji, insan ve hayvan geneti\u011fi, alkol ve uyu\u015fturucu ba\u011f\u0131ml\u0131l\u0131\u011f\u0131n\u0131n \u00f6nlenmesi, beslenme ve do\u011fum kusurlar\u0131 alanlar\u0131nda yay\u0131nlar yapm\u0131\u015ft\u0131r. Dr. Huber, \u015fu anda New York \u00dcniversitesi&#8217;nde anket \u00f6rneklemesi ve daha \u00f6nce de kategorik veri analizi, anket veri analizi ve istatistiksel genetik dersleri verdi\u011fi Texas A&amp;M \u00dcniversitesi&#8217;nde giri\u015f seviyesi biyoistatistik dersleri vermektedir.<\/strong><\/p>\r\n<div>\r\n<div id=\"webinar_details\" class=\"limiter\"><strong><input name=\"001) session\" required=\"\" type=\"radio\" value=\"26 September 2019, 11:00 AM\" \/> 28 Temmuz 2026, Saat 19:00 (4:00 PM UTC)<\/strong><\/div>\r\n<div class=\"limiter\"><strong>Son kay\u0131t tarihi<span class=\"smallfont\">: 26 Temmuz 2026<\/span><\/strong><\/div>\r\n<div>\u00a0<\/div>\r\n<div class=\"limiter\">\r\n<div id=\"webinar_details\" class=\"limiter\"><a href=\"https:\/\/www.stata.com\/training\/webinar\/managing-data-in-stata\/\"><strong>\u015eimdi k<\/strong><strong>ay\u0131t yapt\u0131r\u0131n \u00bb<\/strong><\/a><\/div>\r\n<\/div>\r\n<\/div>\r\n<!-- \/wp:post-content -->","protected":false},"excerpt":{"rendered":"<p>Web seminerlerine kat\u0131l\u0131m \u00fccretsizdir ancak kat\u0131l\u0131m i\u00e7in kay\u0131t yapt\u0131rman\u0131z gerekmektedir. Kat\u0131lmak istedi\u011finiz seminerin linkine t\u0131klayarak kay\u0131t yapt\u0131rabilirsiniz. Seminerin ba\u015flama saatinden \u00f6nce size web seminerine nas\u0131l kat\u0131laca\u011f\u0131n\u0131z\u0131 belirten talimatlar\u0131 i\u00e7eren bir email g\u00f6nderilecektir.\u00a0 \u00a0Kat\u0131l\u0131m i\u00e7in Adobe Connect eri\u015fiminizin olmas\u0131 gerekmektedir. Bu f\u0131rsat\u0131 ka\u00e7\u0131rmay\u0131n. Bayesian estimation with bayesmh Bu web semineri, Stata&#8217;n\u0131n bayesmh komutunu kullanarak Bayes analizine [&hellip;]<\/p>\n","protected":false},"author":1,"featured_media":0,"parent":0,"menu_order":0,"comment_status":"closed","ping_status":"closed","template":"","meta":{"footnotes":""},"class_list":["post-702","page","type-page","status-publish","hentry"],"_links":{"self":[{"href":"https:\/\/www.uytes.com.tr\/index.php\/wp-json\/wp\/v2\/pages\/702","targetHints":{"allow":["GET"]}}],"collection":[{"href":"https:\/\/www.uytes.com.tr\/index.php\/wp-json\/wp\/v2\/pages"}],"about":[{"href":"https:\/\/www.uytes.com.tr\/index.php\/wp-json\/wp\/v2\/types\/page"}],"author":[{"embeddable":true,"href":"https:\/\/www.uytes.com.tr\/index.php\/wp-json\/wp\/v2\/users\/1"}],"replies":[{"embeddable":true,"href":"https:\/\/www.uytes.com.tr\/index.php\/wp-json\/wp\/v2\/comments?post=702"}],"version-history":[{"count":762,"href":"https:\/\/www.uytes.com.tr\/index.php\/wp-json\/wp\/v2\/pages\/702\/revisions"}],"predecessor-version":[{"id":4943,"href":"https:\/\/www.uytes.com.tr\/index.php\/wp-json\/wp\/v2\/pages\/702\/revisions\/4943"}],"wp:attachment":[{"href":"https:\/\/www.uytes.com.tr\/index.php\/wp-json\/wp\/v2\/media?parent=702"}],"curies":[{"name":"wp","href":"https:\/\/api.w.org\/{rel}","templated":true}]}}