{"id":767,"date":"2019-11-26T15:10:29","date_gmt":"2019-11-26T12:10:29","guid":{"rendered":"http:\/\/www.uytes.com.tr\/wp\/?page_id=767"},"modified":"2024-04-28T16:52:12","modified_gmt":"2024-04-28T13:52:12","slug":"stata-lisanslari-ve-bakim","status":"publish","type":"page","link":"https:\/\/www.uytes.com.tr\/index.php\/stata-lisanslari-ve-bakim\/","title":{"rendered":"Stata Lisanslar\u0131 ve Bak\u0131m"},"content":{"rendered":"\n<div style=\"height:16px\" aria-hidden=\"true\" class=\"wp-block-spacer\"><\/div>\n\n\n<h1><strong>Stata Lisanslar\u0131<\/strong><\/h1>\n<p><strong>Stata 18 Lisanslar\u0131 Stata\/BE, Stata\/SE ve Stata\/MP s\u00fcr\u00fcmleri olarak bulunmaktad\u0131r. Sizin i\u00e7in en uygun Stata lisans\u0131n\u0131\u00a0 belirlemek\u00a0 isterseniz <a href=\"http:\/\/www.uytes.com.tr\/index.php\/en-uygun-stata-hangisi\/\">ilgili web sayfam\u0131z\u0131 <\/a>ziyaret edebilirsiniz.\u00a0\u00a0<\/strong><\/p>\n<p><strong>Stata Lisanslar\u0131 Tek kullan\u0131c\u0131l\u0131 veya en az iki e\u015fzamanl\u0131 kullan\u0131c\u0131l\u0131 Network lisans\u0131 olarak\u00a0 Y\u0131ll\u0131k (annual) veya Daimi (perpetual) lisanslar olarak\u00a0 sa\u011flanmaktad\u0131r.<\/strong><\/p>\n<p><strong>\u00dcniversiteler i\u00e7in Stata\/SE veya Stata\/MP lisanslar\u0131 olarak sa\u011flanan ve t\u00fcm akademik ve idari personel ile \u00f6\u011frencilerin kullanabildi\u011fi Akademik Site lisans\u0131 da\u00a0 bulunmaktad\u0131r.\u00a0\u00a0<\/strong><\/p>\n<p><strong>Stata lisanslar\u0131 \u0130\u015f (Business),\u00a0 Kamu\/Kar amac\u0131 g\u00fctmeyen (Government\/nonprofit), Akademik (Education) ve \u00d6\u011frenci (Student)\u00a0lisans\u0131 tipi olarak s\u0131n\u0131fland\u0131r\u0131lmaktad\u0131r.<\/strong><\/p>\n<p><strong>Lisans fiyatlar\u0131 lisans tipi, s\u00fcr\u00fcm\u00fc ve lisans say\u0131s\u0131na g\u00f6re belirlenmekte olup lisans say\u0131s\u0131 artt\u0131k\u00e7a birim fiyat azalmaktad\u0131r.<\/strong><\/p>\n<p><strong>Akredite, derece veren t\u00fcm \u00fcniversitelerde akademisyenler ve idari personel i\u00e7in sa\u011flanan Stata Prof+ Plan lisanslar\u0131, daha kolay ve daha uygun fiyatlarla al\u0131nabilen tek kullan\u0131c\u0131l\u0131 lisanslard\u0131r. Bu lisanslar\u0131n birim fiyat\u0131 kullan\u0131c\u0131 say\u0131s\u0131na g\u00f6re de\u011fi\u015fmemektedir..\u00a0<\/strong><\/p>\n<p><strong>\u00dcniversitelerin \u00f6\u011frenci laboratuvarlar\u0131na ders ve uygulamalar i\u00e7in sa\u011flanan Stata Student Lab lisanslar\u0131 en az 10 kullan\u0131c\u0131l\u0131 olarak sa\u011flanan Y\u0131ll\u0131k lisanslard\u0131r. Bu lisanslar akademik ara\u015ft\u0131rma i\u00e7in uygun de\u011fildir.\u00a0<\/strong><\/p>\n<h1><strong>Bak\u0131m<\/strong><\/h1>\n<p><strong>Stata Daimi lisanslar\u0131 (Stata Student lisanslar\u0131 d\u0131\u015f\u0131nda) art\u0131k Bir Y\u0131ll\u0131k Bak\u0131m\u0131 da i\u00e7ermektedir. Bak\u0131m d\u00f6nemi i\u00e7inde lisans\u0131n\u0131z i\u00e7in t\u00fcm yeni versiyonlar\u0131n\u0131 \u00fccretsiz olarak \u00f6ncelikle alabilmekte ve teknik destek hizmetlerinden kesintisiz yararlanabilmektesiniz.\u00a0 \u00a0<\/strong><\/p>\n<p><strong>Bak\u0131m d\u00f6nemi i\u00e7inde \u00fccretsiz yararland\u0131\u011f\u0131n\u0131z son versiyona y\u00fckseltmeyi, bak\u0131m\u0131n\u0131z bulunmad\u0131\u011f\u0131nda daha y\u00fcksek\u00a0 ve o anda ge\u00e7erli \u00fccretlerle yapman\u0131z gerekmektedir.<\/strong><\/p>\n<p><strong>Bak\u0131m almay\u0131 durdurmak istedi\u011finizde Stata daimi lisans\u0131n\u0131z\u0131 kullanmaya devam edebilirsiniz ancak Teknik Destek hizmetlerinden bak\u0131m\u0131n\u0131z g\u00fcncel ise veya lisans\u0131n\u0131z mevcut son versiyonda ise yararlanmaya devam edebilirsiniz.<\/strong><\/p>\n<p><strong><a href=\"https:\/\/www.stata.com\/order\/end-user-license-agreement\/18eula2023.pdf\">Stata Son Kullan\u0131c\u0131 Lisans S\u00f6zle\u015fmesini (EULA)<\/a> inceleyebilirsiniz.\u00a0<\/strong><\/p>\n\n\n<div class=\"wp-block-columns is-layout-flex wp-container-core-columns-is-layout-9d6595d7 wp-block-columns-is-layout-flex\"><\/div>\n","protected":false},"excerpt":{"rendered":"<p>Stata Lisanslar\u0131 Stata 18 Lisanslar\u0131 Stata\/BE, Stata\/SE ve Stata\/MP s\u00fcr\u00fcmleri olarak bulunmaktad\u0131r. Sizin i\u00e7in en uygun Stata lisans\u0131n\u0131\u00a0 belirlemek\u00a0 isterseniz ilgili web sayfam\u0131z\u0131 ziyaret edebilirsiniz.\u00a0\u00a0 Stata Lisanslar\u0131 Tek kullan\u0131c\u0131l\u0131 veya en az iki e\u015fzamanl\u0131 kullan\u0131c\u0131l\u0131 Network lisans\u0131 olarak\u00a0 Y\u0131ll\u0131k (annual) veya Daimi (perpetual) lisanslar olarak\u00a0 sa\u011flanmaktad\u0131r. \u00dcniversiteler i\u00e7in Stata\/SE veya Stata\/MP lisanslar\u0131 olarak sa\u011flanan ve [&hellip;]<\/p>\n","protected":false},"author":1,"featured_media":0,"parent":0,"menu_order":0,"comment_status":"closed","ping_status":"closed","template":"","meta":{"footnotes":""},"class_list":["post-767","page","type-page","status-publish","hentry"],"_links":{"self":[{"href":"https:\/\/www.uytes.com.tr\/index.php\/wp-json\/wp\/v2\/pages\/767","targetHints":{"allow":["GET"]}}],"collection":[{"href":"https:\/\/www.uytes.com.tr\/index.php\/wp-json\/wp\/v2\/pages"}],"about":[{"href":"https:\/\/www.uytes.com.tr\/index.php\/wp-json\/wp\/v2\/types\/page"}],"author":[{"embeddable":true,"href":"https:\/\/www.uytes.com.tr\/index.php\/wp-json\/wp\/v2\/users\/1"}],"replies":[{"embeddable":true,"href":"https:\/\/www.uytes.com.tr\/index.php\/wp-json\/wp\/v2\/comments?post=767"}],"version-history":[{"count":8,"href":"https:\/\/www.uytes.com.tr\/index.php\/wp-json\/wp\/v2\/pages\/767\/revisions"}],"predecessor-version":[{"id":3814,"href":"https:\/\/www.uytes.com.tr\/index.php\/wp-json\/wp\/v2\/pages\/767\/revisions\/3814"}],"wp:attachment":[{"href":"https:\/\/www.uytes.com.tr\/index.php\/wp-json\/wp\/v2\/media?parent=767"}],"curies":[{"name":"wp","href":"https:\/\/api.w.org\/{rel}","templated":true}]}}